{"id":86,"date":"2018-06-28T10:23:24","date_gmt":"2018-06-28T08:23:24","guid":{"rendered":"https:\/\/www.rupertrauch.at\/?page_id=86"},"modified":"2025-02-08T12:43:32","modified_gmt":"2025-02-08T11:43:32","slug":"portraits","status":"publish","type":"page","link":"https:\/\/www.rupertrauch.at\/index.php\/portraits\/","title":{"rendered":"Portraits"},"content":{"rendered":"\t\t<div data-elementor-type=\"wp-post\" data-elementor-id=\"86\" class=\"elementor elementor-86\" data-elementor-post-type=\"page\">\n\t\t\t\t\t\t<section class=\"elementor-section elementor-top-section elementor-element elementor-element-7fdd21d elementor-section-stretched elementor-section-boxed elementor-section-height-default elementor-section-height-default\" data-id=\"7fdd21d\" data-element_type=\"section\" data-e-type=\"section\" data-settings=\"{&quot;stretch_section&quot;:&quot;section-stretched&quot;,&quot;shape_divider_bottom&quot;:&quot;waves&quot;}\">\n\t\t\t\t\t<div class=\"elementor-shape elementor-shape-bottom\" aria-hidden=\"true\" data-negative=\"false\">\n\t\t\t<svg xmlns=\"http:\/\/www.w3.org\/2000\/svg\" viewBox=\"0 0 1000 100\" preserveAspectRatio=\"none\">\n\t<path class=\"elementor-shape-fill\" d=\"M421.9,6.5c22.6-2.5,51.5,0.4,75.5,5.3c23.6,4.9,70.9,23.5,100.5,35.7c75.8,32.2,133.7,44.5,192.6,49.7\n\tc23.6,2.1,48.7,3.5,103.4-2.5c54.7-6,106.2-25.6,106.2-25.6V0H0v30.3c0,0,72,32.6,158.4,30.5c39.2-0.7,92.8-6.7,134-22.4\n\tc21.2-8.1,52.2-18.2,79.7-24.2C399.3,7.9,411.6,7.5,421.9,6.5z\"\/>\n<\/svg>\t\t<\/div>\n\t\t\t\t\t<div class=\"elementor-container elementor-column-gap-default\">\n\t\t\t\t\t<div class=\"elementor-column elementor-col-100 elementor-top-column elementor-element elementor-element-21c86f4\" data-id=\"21c86f4\" data-element_type=\"column\" data-e-type=\"column\">\n\t\t\t<div class=\"elementor-widget-wrap elementor-element-populated\">\n\t\t\t\t\t\t<div class=\"elementor-element elementor-element-7ddff00 elementor-widget elementor-widget-heading\" data-id=\"7ddff00\" data-element_type=\"widget\" data-e-type=\"widget\" data-widget_type=\"heading.default\">\n\t\t\t\t<div class=\"elementor-widget-container\">\n\t\t\t\t\t<h2 class=\"elementor-heading-title elementor-size-default\">Portraits<\/h2>\t\t\t\t<\/div>\n\t\t\t\t<\/div>\n\t\t\t\t<div class=\"elementor-element elementor-element-c7b54c9 elementor-widget-divider--view-line elementor-widget elementor-widget-divider\" data-id=\"c7b54c9\" data-element_type=\"widget\" data-e-type=\"widget\" data-widget_type=\"divider.default\">\n\t\t\t\t<div class=\"elementor-widget-container\">\n\t\t\t\t\t\t\t<div class=\"elementor-divider\">\n\t\t\t<span class=\"elementor-divider-separator\">\n\t\t\t\t\t\t<\/span>\n\t\t<\/div>\n\t\t\t\t\t\t<\/div>\n\t\t\t\t<\/div>\n\t\t\t\t<div class=\"elementor-element elementor-element-8237fb7 elementor-widget elementor-widget-text-editor\" data-id=\"8237fb7\" data-element_type=\"widget\" data-e-type=\"widget\" data-widget_type=\"text-editor.default\">\n\t\t\t\t<div class=\"elementor-widget-container\">\n\t\t\t\t\t\t\t\t\t<p style=\"text-align: center;\">Portraits sind so vielseitig wie ihr selbst! Ob charakterstarke, vertr\u00e4umte oder lustige Aufnahmen \u2013 zeigt euch von eurer ganz pers\u00f6nlichen Seite und lasst die Bilder eure Geschichte erz\u00e4hlen.<\/p><p style=\"text-align: center;\">Habt ihr Fragen oder W\u00fcnsche? Meldet euch gerne bei mir \u2013 ich freue mich darauf, euch kennenzulernen!<\/p>\t\t\t\t\t\t\t\t<\/div>\n\t\t\t\t<\/div>\n\t\t\t\t<div class=\"elementor-element elementor-element-43a711d elementor-align-center elementor-widget elementor-widget-button\" data-id=\"43a711d\" data-element_type=\"widget\" data-e-type=\"widget\" data-widget_type=\"button.default\">\n\t\t\t\t<div class=\"elementor-widget-container\">\n\t\t\t\t\t\t\t\t\t<div class=\"elementor-button-wrapper\">\n\t\t\t\t\t<a class=\"elementor-button elementor-button-link elementor-size-sm\" href=\"mailto:office@rupertrauch.at\">\n\t\t\t\t\t\t<span class=\"elementor-button-content-wrapper\">\n\t\t\t\t\t\t<span class=\"elementor-button-icon\">\n\t\t\t\t<i aria-hidden=\"true\" class=\"fas fa-mail-bulk\"><\/i>\t\t\t<\/span>\n\t\t\t\t\t\t\t\t\t<span class=\"elementor-button-text\">E-Mail<\/span>\n\t\t\t\t\t<\/span>\n\t\t\t\t\t<\/a>\n\t\t\t\t<\/div>\n\t\t\t\t\t\t\t\t<\/div>\n\t\t\t\t<\/div>\n\t\t\t\t<div class=\"elementor-element elementor-element-4d1a338 elementor-widget elementor-widget-spacer\" data-id=\"4d1a338\" data-element_type=\"widget\" data-e-type=\"widget\" data-widget_type=\"spacer.default\">\n\t\t\t\t<div class=\"elementor-widget-container\">\n\t\t\t\t\t\t\t<div class=\"elementor-spacer\">\n\t\t\t<div class=\"elementor-spacer-inner\"><\/div>\n\t\t<\/div>\n\t\t\t\t\t\t<\/div>\n\t\t\t\t<\/div>\n\t\t\t\t\t<\/div>\n\t\t<\/div>\n\t\t\t\t\t<\/div>\n\t\t<\/section>\n\t\t\t\t<section class=\"elementor-section elementor-top-section elementor-element elementor-element-0f83107 elementor-section-stretched elementor-section-boxed elementor-section-height-default elementor-section-height-default\" data-id=\"0f83107\" data-element_type=\"section\" data-e-type=\"section\" data-settings=\"{&quot;stretch_section&quot;:&quot;section-stretched&quot;}\">\n\t\t\t\t\t\t<div class=\"elementor-container elementor-column-gap-default\">\n\t\t\t\t\t<div class=\"elementor-column elementor-col-100 elementor-top-column elementor-element elementor-element-7e39d06\" data-id=\"7e39d06\" data-element_type=\"column\" data-e-type=\"column\">\n\t\t\t<div class=\"elementor-widget-wrap elementor-element-populated\">\n\t\t\t\t\t\t<div class=\"elementor-element elementor-element-08ddcad gallery-spacing-custom elementor-widget elementor-widget-image-gallery\" data-id=\"08ddcad\" data-element_type=\"widget\" data-e-type=\"widget\" data-widget_type=\"image-gallery.default\">\n\t\t\t\t<div class=\"elementor-widget-container\">\n\t\t\t\t\t\t\t<div class=\"elementor-image-gallery\">\n\t\t\t<div id='gallery-1' class='gallery galleryid-86 gallery-columns-4 gallery-size-hestia-blog'><figure class='gallery-item'>\n\t\t\t<div class='gallery-icon portrait'>\n\t\t\t\t<a data-elementor-open-lightbox=\"yes\" data-elementor-lightbox-slideshow=\"08ddcad\" data-elementor-lightbox-title=\"M\u00e4nner Portrait Highland Shooting-76-99-2\" data-e-action-hash=\"#elementor-action%3Aaction%3Dlightbox%26settings%3DeyJpZCI6NDMzLCJ1cmwiOiJodHRwczpcL1wvd3d3LnJ1cGVydHJhdWNoLmF0XC93cC1jb250ZW50XC91cGxvYWRzXC8yMDE5XC8wNVwvTVx1MDBlNG5uZXItUG9ydHJhaXQtSGlnaGxhbmQtU2hvb3RpbmctNzYtOTktMi5qcGciLCJzbGlkZXNob3ciOiIwOGRkY2FkIn0%3D\" href='https:\/\/www.rupertrauch.at\/wp-content\/uploads\/2019\/05\/M\u00e4nner-Portrait-Highland-Shooting-76-99-2.jpg'><img fetchpriority=\"high\" decoding=\"async\" width=\"360\" height=\"240\" src=\"https:\/\/www.rupertrauch.at\/wp-content\/uploads\/2019\/05\/M\u00e4nner-Portrait-Highland-Shooting-76-99-2-360x240.jpg\" class=\"attachment-hestia-blog size-hestia-blog\" alt=\"\" \/><\/a>\n\t\t\t<\/div><\/figure><figure class='gallery-item'>\n\t\t\t<div class='gallery-icon landscape'>\n\t\t\t\t<a data-elementor-open-lightbox=\"yes\" data-elementor-lightbox-slideshow=\"08ddcad\" data-elementor-lightbox-title=\"M\u00e4nner Portrait Thommy Tone\" data-e-action-hash=\"#elementor-action%3Aaction%3Dlightbox%26settings%3DeyJpZCI6NDM0LCJ1cmwiOiJodHRwczpcL1wvd3d3LnJ1cGVydHJhdWNoLmF0XC93cC1jb250ZW50XC91cGxvYWRzXC8yMDE5XC8wNVwvTVx1MDBlNG5uZXItUG9ydHJhaXQtVGhvbW15LVRvbmUuanBnIiwic2xpZGVzaG93IjoiMDhkZGNhZCJ9\" href='https:\/\/www.rupertrauch.at\/wp-content\/uploads\/2019\/05\/M\u00e4nner-Portrait-Thommy-Tone.jpg'><img decoding=\"async\" width=\"360\" height=\"240\" src=\"https:\/\/www.rupertrauch.at\/wp-content\/uploads\/2019\/05\/M\u00e4nner-Portrait-Thommy-Tone-360x240.jpg\" class=\"attachment-hestia-blog size-hestia-blog\" alt=\"\" srcset=\"https:\/\/www.rupertrauch.at\/wp-content\/uploads\/2019\/05\/M\u00e4nner-Portrait-Thommy-Tone-360x240.jpg 360w, https:\/\/www.rupertrauch.at\/wp-content\/uploads\/2019\/05\/M\u00e4nner-Portrait-Thommy-Tone-300x200.jpg 300w, https:\/\/www.rupertrauch.at\/wp-content\/uploads\/2019\/05\/M\u00e4nner-Portrait-Thommy-Tone-768x513.jpg 768w, https:\/\/www.rupertrauch.at\/wp-content\/uploads\/2019\/05\/M\u00e4nner-Portrait-Thommy-Tone-1024x684.jpg 1024w, https:\/\/www.rupertrauch.at\/wp-content\/uploads\/2019\/05\/M\u00e4nner-Portrait-Thommy-Tone-50x33.jpg 50w, https:\/\/www.rupertrauch.at\/wp-content\/uploads\/2019\/05\/M\u00e4nner-Portrait-Thommy-Tone.jpg 1348w\" sizes=\"(max-width: 360px) 100vw, 360px\" \/><\/a>\n\t\t\t<\/div><\/figure><figure class='gallery-item'>\n\t\t\t<div class='gallery-icon portrait'>\n\t\t\t\t<a data-elementor-open-lightbox=\"yes\" data-elementor-lightbox-slideshow=\"08ddcad\" data-elementor-lightbox-title=\"0002 RR- Josef Schantl Portrait p2013-3\" data-e-action-hash=\"#elementor-action%3Aaction%3Dlightbox%26settings%3DeyJpZCI6NDM1LCJ1cmwiOiJodHRwczpcL1wvd3d3LnJ1cGVydHJhdWNoLmF0XC93cC1jb250ZW50XC91cGxvYWRzXC8yMDE5XC8wNVwvMDAwMi1SUi1Kb3NlZi1TY2hhbnRsLVBvcnRyYWl0LXAyMDEzLTMuanBnIiwic2xpZGVzaG93IjoiMDhkZGNhZCJ9\" href='https:\/\/www.rupertrauch.at\/wp-content\/uploads\/2019\/05\/0002-RR-Josef-Schantl-Portrait-p2013-3.jpg'><img decoding=\"async\" width=\"360\" height=\"240\" src=\"https:\/\/www.rupertrauch.at\/wp-content\/uploads\/2019\/05\/0002-RR-Josef-Schantl-Portrait-p2013-3-360x240.jpg\" class=\"attachment-hestia-blog size-hestia-blog\" alt=\"\" \/><\/a>\n\t\t\t<\/div><\/figure><figure class='gallery-item'>\n\t\t\t<div class='gallery-icon landscape'>\n\t\t\t\t<a data-elementor-open-lightbox=\"yes\" data-elementor-lightbox-slideshow=\"08ddcad\" data-elementor-lightbox-title=\"EHJ Weine 2014-44\" data-e-action-hash=\"#elementor-action%3Aaction%3Dlightbox%26settings%3DeyJpZCI6NDM2LCJ1cmwiOiJodHRwczpcL1wvd3d3LnJ1cGVydHJhdWNoLmF0XC93cC1jb250ZW50XC91cGxvYWRzXC8yMDE5XC8wNVwvRUhKLVdlaW5lLTIwMTQtNDQuanBnIiwic2xpZGVzaG93IjoiMDhkZGNhZCJ9\" href='https:\/\/www.rupertrauch.at\/wp-content\/uploads\/2019\/05\/EHJ-Weine-2014-44.jpg'><img loading=\"lazy\" decoding=\"async\" width=\"360\" height=\"240\" src=\"https:\/\/www.rupertrauch.at\/wp-content\/uploads\/2019\/05\/EHJ-Weine-2014-44-360x240.jpg\" class=\"attachment-hestia-blog size-hestia-blog\" alt=\"\" \/><\/a>\n\t\t\t<\/div><\/figure><figure class='gallery-item'>\n\t\t\t<div class='gallery-icon portrait'>\n\t\t\t\t<a data-elementor-open-lightbox=\"yes\" data-elementor-lightbox-slideshow=\"08ddcad\" data-elementor-lightbox-title=\"Frauen Portrait in Graz\" data-e-action-hash=\"#elementor-action%3Aaction%3Dlightbox%26settings%3DeyJpZCI6NDM3LCJ1cmwiOiJodHRwczpcL1wvd3d3LnJ1cGVydHJhdWNoLmF0XC93cC1jb250ZW50XC91cGxvYWRzXC8yMDE5XC8wNVwvRnJhdWVuLVBvcnRyYWl0LWluLUdyYXouanBnIiwic2xpZGVzaG93IjoiMDhkZGNhZCJ9\" href='https:\/\/www.rupertrauch.at\/wp-content\/uploads\/2019\/05\/Frauen-Portrait-in-Graz.jpg'><img loading=\"lazy\" decoding=\"async\" width=\"360\" height=\"240\" src=\"https:\/\/www.rupertrauch.at\/wp-content\/uploads\/2019\/05\/Frauen-Portrait-in-Graz-360x240.jpg\" class=\"attachment-hestia-blog size-hestia-blog\" alt=\"\" \/><\/a>\n\t\t\t<\/div><\/figure><figure class='gallery-item'>\n\t\t\t<div class='gallery-icon landscape'>\n\t\t\t\t<a data-elementor-open-lightbox=\"yes\" data-elementor-lightbox-slideshow=\"08ddcad\" data-elementor-lightbox-title=\"Josef Schantl-M\u00e4nner Portrait\" data-e-action-hash=\"#elementor-action%3Aaction%3Dlightbox%26settings%3DeyJpZCI6NDM4LCJ1cmwiOiJodHRwczpcL1wvd3d3LnJ1cGVydHJhdWNoLmF0XC93cC1jb250ZW50XC91cGxvYWRzXC8yMDE5XC8wNVwvSm9zZWYtU2NoYW50bC1NXHUwMGU0bm5lci1Qb3J0cmFpdC5qcGciLCJzbGlkZXNob3ciOiIwOGRkY2FkIn0%3D\" href='https:\/\/www.rupertrauch.at\/wp-content\/uploads\/2019\/05\/Josef-Schantl-M\u00e4nner-Portrait.jpg'><img loading=\"lazy\" decoding=\"async\" width=\"360\" height=\"240\" src=\"https:\/\/www.rupertrauch.at\/wp-content\/uploads\/2019\/05\/Josef-Schantl-M\u00e4nner-Portrait-360x240.jpg\" class=\"attachment-hestia-blog size-hestia-blog\" alt=\"\" srcset=\"https:\/\/www.rupertrauch.at\/wp-content\/uploads\/2019\/05\/Josef-Schantl-M\u00e4nner-Portrait-360x240.jpg 360w, https:\/\/www.rupertrauch.at\/wp-content\/uploads\/2019\/05\/Josef-Schantl-M\u00e4nner-Portrait-300x200.jpg 300w, https:\/\/www.rupertrauch.at\/wp-content\/uploads\/2019\/05\/Josef-Schantl-M\u00e4nner-Portrait-768x511.jpg 768w, https:\/\/www.rupertrauch.at\/wp-content\/uploads\/2019\/05\/Josef-Schantl-M\u00e4nner-Portrait-1024x682.jpg 1024w, https:\/\/www.rupertrauch.at\/wp-content\/uploads\/2019\/05\/Josef-Schantl-M\u00e4nner-Portrait-50x33.jpg 50w, https:\/\/www.rupertrauch.at\/wp-content\/uploads\/2019\/05\/Josef-Schantl-M\u00e4nner-Portrait.jpg 1352w\" sizes=\"(max-width: 360px) 100vw, 360px\" \/><\/a>\n\t\t\t<\/div><\/figure><figure class='gallery-item'>\n\t\t\t<div class='gallery-icon portrait'>\n\t\t\t\t<a data-elementor-open-lightbox=\"yes\" data-elementor-lightbox-slideshow=\"08ddcad\" data-elementor-lightbox-title=\"Martin Tattoo\" data-e-action-hash=\"#elementor-action%3Aaction%3Dlightbox%26settings%3DeyJpZCI6NDM5LCJ1cmwiOiJodHRwczpcL1wvd3d3LnJ1cGVydHJhdWNoLmF0XC93cC1jb250ZW50XC91cGxvYWRzXC8yMDE5XC8wNVwvTWFydGluLVRhdHRvby5qcGciLCJzbGlkZXNob3ciOiIwOGRkY2FkIn0%3D\" href='https:\/\/www.rupertrauch.at\/wp-content\/uploads\/2019\/05\/Martin-Tattoo.jpg'><img loading=\"lazy\" decoding=\"async\" width=\"360\" height=\"240\" src=\"https:\/\/www.rupertrauch.at\/wp-content\/uploads\/2019\/05\/Martin-Tattoo-360x240.jpg\" class=\"attachment-hestia-blog size-hestia-blog\" alt=\"\" \/><\/a>\n\t\t\t<\/div><\/figure><figure class='gallery-item'>\n\t\t\t<div class='gallery-icon landscape'>\n\t\t\t\t<a data-elementor-open-lightbox=\"yes\" data-elementor-lightbox-slideshow=\"08ddcad\" data-elementor-lightbox-title=\"Martin und Tamara\" data-e-action-hash=\"#elementor-action%3Aaction%3Dlightbox%26settings%3DeyJpZCI6NDQwLCJ1cmwiOiJodHRwczpcL1wvd3d3LnJ1cGVydHJhdWNoLmF0XC93cC1jb250ZW50XC91cGxvYWRzXC8yMDE5XC8wNVwvTWFydGluLXVuZC1UYW1hcmEuanBnIiwic2xpZGVzaG93IjoiMDhkZGNhZCJ9\" href='https:\/\/www.rupertrauch.at\/wp-content\/uploads\/2019\/05\/Martin-und-Tamara.jpg'><img loading=\"lazy\" decoding=\"async\" width=\"360\" height=\"240\" src=\"https:\/\/www.rupertrauch.at\/wp-content\/uploads\/2019\/05\/Martin-und-Tamara-360x240.jpg\" class=\"attachment-hestia-blog size-hestia-blog\" alt=\"\" srcset=\"https:\/\/www.rupertrauch.at\/wp-content\/uploads\/2019\/05\/Martin-und-Tamara-360x240.jpg 360w, https:\/\/www.rupertrauch.at\/wp-content\/uploads\/2019\/05\/Martin-und-Tamara-300x200.jpg 300w, https:\/\/www.rupertrauch.at\/wp-content\/uploads\/2019\/05\/Martin-und-Tamara-768x511.jpg 768w, https:\/\/www.rupertrauch.at\/wp-content\/uploads\/2019\/05\/Martin-und-Tamara-1024x682.jpg 1024w, https:\/\/www.rupertrauch.at\/wp-content\/uploads\/2019\/05\/Martin-und-Tamara-50x33.jpg 50w, https:\/\/www.rupertrauch.at\/wp-content\/uploads\/2019\/05\/Martin-und-Tamara.jpg 1352w\" sizes=\"(max-width: 360px) 100vw, 360px\" \/><\/a>\n\t\t\t<\/div><\/figure><figure class='gallery-item'>\n\t\t\t<div class='gallery-icon portrait'>\n\t\t\t\t<a data-elementor-open-lightbox=\"yes\" data-elementor-lightbox-slideshow=\"08ddcad\" data-elementor-lightbox-title=\"M\u00e4nner Portrait 2\" data-e-action-hash=\"#elementor-action%3Aaction%3Dlightbox%26settings%3DeyJpZCI6NDQxLCJ1cmwiOiJodHRwczpcL1wvd3d3LnJ1cGVydHJhdWNoLmF0XC93cC1jb250ZW50XC91cGxvYWRzXC8yMDE5XC8wNVwvTVx1MDBlNG5uZXItUG9ydHJhaXQtMi5qcGciLCJzbGlkZXNob3ciOiIwOGRkY2FkIn0%3D\" href='https:\/\/www.rupertrauch.at\/wp-content\/uploads\/2019\/05\/M\u00e4nner-Portrait-2.jpg'><img loading=\"lazy\" decoding=\"async\" width=\"360\" height=\"240\" src=\"https:\/\/www.rupertrauch.at\/wp-content\/uploads\/2019\/05\/M\u00e4nner-Portrait-2-360x240.jpg\" class=\"attachment-hestia-blog size-hestia-blog\" alt=\"\" \/><\/a>\n\t\t\t<\/div><\/figure><figure class='gallery-item'>\n\t\t\t<div class='gallery-icon portrait'>\n\t\t\t\t<a data-elementor-open-lightbox=\"yes\" data-elementor-lightbox-slideshow=\"08ddcad\" data-elementor-lightbox-title=\"M\u00e4nner Portrait_\" data-e-action-hash=\"#elementor-action%3Aaction%3Dlightbox%26settings%3DeyJpZCI6NDQyLCJ1cmwiOiJodHRwczpcL1wvd3d3LnJ1cGVydHJhdWNoLmF0XC93cC1jb250ZW50XC91cGxvYWRzXC8yMDE5XC8wNVwvTVx1MDBlNG5uZXItUG9ydHJhaXRfLmpwZyIsInNsaWRlc2hvdyI6IjA4ZGRjYWQifQ%3D%3D\" href='https:\/\/www.rupertrauch.at\/wp-content\/uploads\/2019\/05\/M\u00e4nner-Portrait_.jpg'><img loading=\"lazy\" decoding=\"async\" width=\"360\" height=\"240\" src=\"https:\/\/www.rupertrauch.at\/wp-content\/uploads\/2019\/05\/M\u00e4nner-Portrait_-360x240.jpg\" class=\"attachment-hestia-blog size-hestia-blog\" alt=\"\" \/><\/a>\n\t\t\t<\/div><\/figure><figure class='gallery-item'>\n\t\t\t<div class='gallery-icon portrait'>\n\t\t\t\t<a data-elementor-open-lightbox=\"yes\" data-elementor-lightbox-slideshow=\"08ddcad\" data-elementor-lightbox-title=\"Portrait Dominik-198-Bearbeitet-2\" data-e-action-hash=\"#elementor-action%3Aaction%3Dlightbox%26settings%3DeyJpZCI6NDQzLCJ1cmwiOiJodHRwczpcL1wvd3d3LnJ1cGVydHJhdWNoLmF0XC93cC1jb250ZW50XC91cGxvYWRzXC8yMDE5XC8wNVwvUG9ydHJhaXQtRG9taW5pay0xOTgtQmVhcmJlaXRldC0yLmpwZyIsInNsaWRlc2hvdyI6IjA4ZGRjYWQifQ%3D%3D\" href='https:\/\/www.rupertrauch.at\/wp-content\/uploads\/2019\/05\/Portrait-Dominik-198-Bearbeitet-2.jpg'><img loading=\"lazy\" decoding=\"async\" width=\"360\" height=\"240\" src=\"https:\/\/www.rupertrauch.at\/wp-content\/uploads\/2019\/05\/Portrait-Dominik-198-Bearbeitet-2-360x240.jpg\" class=\"attachment-hestia-blog size-hestia-blog\" alt=\"\" \/><\/a>\n\t\t\t<\/div><\/figure><figure class='gallery-item'>\n\t\t\t<div class='gallery-icon portrait'>\n\t\t\t\t<a data-elementor-open-lightbox=\"yes\" data-elementor-lightbox-slideshow=\"08ddcad\" data-elementor-lightbox-title=\"Portrait Dominik-220-2\" data-e-action-hash=\"#elementor-action%3Aaction%3Dlightbox%26settings%3DeyJpZCI6NDQ1LCJ1cmwiOiJodHRwczpcL1wvd3d3LnJ1cGVydHJhdWNoLmF0XC93cC1jb250ZW50XC91cGxvYWRzXC8yMDE5XC8wNVwvUG9ydHJhaXQtRG9taW5pay0yMjAtMi5qcGciLCJzbGlkZXNob3ciOiIwOGRkY2FkIn0%3D\" href='https:\/\/www.rupertrauch.at\/wp-content\/uploads\/2019\/05\/Portrait-Dominik-220-2.jpg'><img loading=\"lazy\" decoding=\"async\" width=\"360\" height=\"240\" src=\"https:\/\/www.rupertrauch.at\/wp-content\/uploads\/2019\/05\/Portrait-Dominik-220-2-360x240.jpg\" class=\"attachment-hestia-blog size-hestia-blog\" alt=\"\" \/><\/a>\n\t\t\t<\/div><\/figure><figure class='gallery-item'>\n\t\t\t<div class='gallery-icon landscape'>\n\t\t\t\t<a data-elementor-open-lightbox=\"yes\" data-elementor-lightbox-slideshow=\"08ddcad\" data-elementor-lightbox-title=\"RRP_8836\" data-e-action-hash=\"#elementor-action%3Aaction%3Dlightbox%26settings%3DeyJpZCI6NDQ2LCJ1cmwiOiJodHRwczpcL1wvd3d3LnJ1cGVydHJhdWNoLmF0XC93cC1jb250ZW50XC91cGxvYWRzXC8yMDE5XC8wNVwvUlJQXzg4MzYuanBnIiwic2xpZGVzaG93IjoiMDhkZGNhZCJ9\" href='https:\/\/www.rupertrauch.at\/wp-content\/uploads\/2019\/05\/RRP_8836.jpg'><img loading=\"lazy\" decoding=\"async\" width=\"360\" height=\"240\" src=\"https:\/\/www.rupertrauch.at\/wp-content\/uploads\/2019\/05\/RRP_8836-360x240.jpg\" class=\"attachment-hestia-blog size-hestia-blog\" alt=\"\" srcset=\"https:\/\/www.rupertrauch.at\/wp-content\/uploads\/2019\/05\/RRP_8836-360x240.jpg 360w, https:\/\/www.rupertrauch.at\/wp-content\/uploads\/2019\/05\/RRP_8836-300x200.jpg 300w, https:\/\/www.rupertrauch.at\/wp-content\/uploads\/2019\/05\/RRP_8836-768x513.jpg 768w, https:\/\/www.rupertrauch.at\/wp-content\/uploads\/2019\/05\/RRP_8836-1024x684.jpg 1024w, https:\/\/www.rupertrauch.at\/wp-content\/uploads\/2019\/05\/RRP_8836-50x33.jpg 50w, https:\/\/www.rupertrauch.at\/wp-content\/uploads\/2019\/05\/RRP_8836.jpg 2048w\" sizes=\"(max-width: 360px) 100vw, 360px\" \/><\/a>\n\t\t\t<\/div><\/figure><figure class='gallery-item'>\n\t\t\t<div class='gallery-icon landscape'>\n\t\t\t\t<a data-elementor-open-lightbox=\"yes\" data-elementor-lightbox-slideshow=\"08ddcad\" data-elementor-lightbox-title=\"_RR89770-Bearbeitet\" data-e-action-hash=\"#elementor-action%3Aaction%3Dlightbox%26settings%3DeyJpZCI6NDQ3LCJ1cmwiOiJodHRwczpcL1wvd3d3LnJ1cGVydHJhdWNoLmF0XC93cC1jb250ZW50XC91cGxvYWRzXC8yMDE5XC8wNVwvUlI4OTc3MC1CZWFyYmVpdGV0LmpwZyIsInNsaWRlc2hvdyI6IjA4ZGRjYWQifQ%3D%3D\" href='https:\/\/www.rupertrauch.at\/wp-content\/uploads\/2019\/05\/RR89770-Bearbeitet.jpg'><img loading=\"lazy\" decoding=\"async\" width=\"360\" height=\"240\" src=\"https:\/\/www.rupertrauch.at\/wp-content\/uploads\/2019\/05\/RR89770-Bearbeitet-360x240.jpg\" class=\"attachment-hestia-blog size-hestia-blog\" alt=\"\" \/><\/a>\n\t\t\t<\/div><\/figure><figure class='gallery-item'>\n\t\t\t<div class='gallery-icon landscape'>\n\t\t\t\t<a data-elementor-open-lightbox=\"yes\" data-elementor-lightbox-slideshow=\"08ddcad\" data-elementor-lightbox-title=\"_RR89859-Bearbeitet-3\" data-e-action-hash=\"#elementor-action%3Aaction%3Dlightbox%26settings%3DeyJpZCI6NDQ4LCJ1cmwiOiJodHRwczpcL1wvd3d3LnJ1cGVydHJhdWNoLmF0XC93cC1jb250ZW50XC91cGxvYWRzXC8yMDE5XC8wNVwvUlI4OTg1OS1CZWFyYmVpdGV0LTMuanBnIiwic2xpZGVzaG93IjoiMDhkZGNhZCJ9\" href='https:\/\/www.rupertrauch.at\/wp-content\/uploads\/2019\/05\/RR89859-Bearbeitet-3.jpg'><img loading=\"lazy\" decoding=\"async\" width=\"360\" height=\"240\" src=\"https:\/\/www.rupertrauch.at\/wp-content\/uploads\/2019\/05\/RR89859-Bearbeitet-3-360x240.jpg\" class=\"attachment-hestia-blog size-hestia-blog\" alt=\"\" srcset=\"https:\/\/www.rupertrauch.at\/wp-content\/uploads\/2019\/05\/RR89859-Bearbeitet-3-360x240.jpg 360w, https:\/\/www.rupertrauch.at\/wp-content\/uploads\/2019\/05\/RR89859-Bearbeitet-3-300x200.jpg 300w, https:\/\/www.rupertrauch.at\/wp-content\/uploads\/2019\/05\/RR89859-Bearbeitet-3-768x513.jpg 768w, https:\/\/www.rupertrauch.at\/wp-content\/uploads\/2019\/05\/RR89859-Bearbeitet-3-1024x684.jpg 1024w, https:\/\/www.rupertrauch.at\/wp-content\/uploads\/2019\/05\/RR89859-Bearbeitet-3-50x33.jpg 50w, https:\/\/www.rupertrauch.at\/wp-content\/uploads\/2019\/05\/RR89859-Bearbeitet-3.jpg 1348w\" sizes=\"(max-width: 360px) 100vw, 360px\" \/><\/a>\n\t\t\t<\/div><\/figure><figure class='gallery-item'>\n\t\t\t<div class='gallery-icon landscape'>\n\t\t\t\t<a data-elementor-open-lightbox=\"yes\" data-elementor-lightbox-slideshow=\"08ddcad\" data-elementor-lightbox-title=\"_RRP0164\" data-e-action-hash=\"#elementor-action%3Aaction%3Dlightbox%26settings%3DeyJpZCI6NDQ5LCJ1cmwiOiJodHRwczpcL1wvd3d3LnJ1cGVydHJhdWNoLmF0XC93cC1jb250ZW50XC91cGxvYWRzXC8yMDE5XC8wNVwvUlJQMDE2NC5qcGciLCJzbGlkZXNob3ciOiIwOGRkY2FkIn0%3D\" href='https:\/\/www.rupertrauch.at\/wp-content\/uploads\/2019\/05\/RRP0164.jpg'><img loading=\"lazy\" decoding=\"async\" width=\"360\" height=\"240\" src=\"https:\/\/www.rupertrauch.at\/wp-content\/uploads\/2019\/05\/RRP0164-360x240.jpg\" class=\"attachment-hestia-blog size-hestia-blog\" alt=\"\" srcset=\"https:\/\/www.rupertrauch.at\/wp-content\/uploads\/2019\/05\/RRP0164-360x240.jpg 360w, https:\/\/www.rupertrauch.at\/wp-content\/uploads\/2019\/05\/RRP0164-300x200.jpg 300w, https:\/\/www.rupertrauch.at\/wp-content\/uploads\/2019\/05\/RRP0164-768x513.jpg 768w, https:\/\/www.rupertrauch.at\/wp-content\/uploads\/2019\/05\/RRP0164-1024x683.jpg 1024w, https:\/\/www.rupertrauch.at\/wp-content\/uploads\/2019\/05\/RRP0164-50x33.jpg 50w, https:\/\/www.rupertrauch.at\/wp-content\/uploads\/2019\/05\/RRP0164.jpg 2048w\" sizes=\"(max-width: 360px) 100vw, 360px\" \/><\/a>\n\t\t\t<\/div><\/figure>\n\t\t<\/div>\n\t\t<\/div>\n\t\t\t\t\t\t<\/div>\n\t\t\t\t<\/div>\n\t\t\t\t<div class=\"elementor-element elementor-element-6bf8f1e elementor-widget elementor-widget-spacer\" data-id=\"6bf8f1e\" data-element_type=\"widget\" data-e-type=\"widget\" data-widget_type=\"spacer.default\">\n\t\t\t\t<div class=\"elementor-widget-container\">\n\t\t\t\t\t\t\t<div class=\"elementor-spacer\">\n\t\t\t<div class=\"elementor-spacer-inner\"><\/div>\n\t\t<\/div>\n\t\t\t\t\t\t<\/div>\n\t\t\t\t<\/div>\n\t\t\t\t\t<\/div>\n\t\t<\/div>\n\t\t\t\t\t<\/div>\n\t\t<\/section>\n\t\t\t\t<\/div>\n\t\t","protected":false},"excerpt":{"rendered":"<p>Portraits Portraits sind so vielseitig wie ihr selbst! Ob charakterstarke, vertr\u00e4umte oder lustige Aufnahmen \u2013 zeigt euch von eurer ganz pers\u00f6nlichen Seite und lasst die Bilder eure Geschichte erz\u00e4hlen. Habt ihr Fragen oder W\u00fcnsche? Meldet euch gerne bei mir \u2013 ich freue mich darauf, euch kennenzulernen! E-Mail<\/p>\n","protected":false},"author":1,"featured_media":0,"parent":0,"menu_order":0,"comment_status":"closed","ping_status":"closed","template":"","meta":{"footnotes":""},"class_list":["post-86","page","type-page","status-publish","hentry"],"wppr_data":{"cwp_meta_box_check":"No"},"_links":{"self":[{"href":"https:\/\/www.rupertrauch.at\/index.php\/wp-json\/wp\/v2\/pages\/86","targetHints":{"allow":["GET"]}}],"collection":[{"href":"https:\/\/www.rupertrauch.at\/index.php\/wp-json\/wp\/v2\/pages"}],"about":[{"href":"https:\/\/www.rupertrauch.at\/index.php\/wp-json\/wp\/v2\/types\/page"}],"author":[{"embeddable":true,"href":"https:\/\/www.rupertrauch.at\/index.php\/wp-json\/wp\/v2\/users\/1"}],"replies":[{"embeddable":true,"href":"https:\/\/www.rupertrauch.at\/index.php\/wp-json\/wp\/v2\/comments?post=86"}],"version-history":[{"count":23,"href":"https:\/\/www.rupertrauch.at\/index.php\/wp-json\/wp\/v2\/pages\/86\/revisions"}],"predecessor-version":[{"id":1458,"href":"https:\/\/www.rupertrauch.at\/index.php\/wp-json\/wp\/v2\/pages\/86\/revisions\/1458"}],"wp:attachment":[{"href":"https:\/\/www.rupertrauch.at\/index.php\/wp-json\/wp\/v2\/media?parent=86"}],"curies":[{"name":"wp","href":"https:\/\/api.w.org\/{rel}","templated":true}]}}