{"id":71,"date":"2018-06-28T10:18:08","date_gmt":"2018-06-28T08:18:08","guid":{"rendered":"https:\/\/www.rupertrauch.at\/?page_id=71"},"modified":"2025-03-14T19:13:33","modified_gmt":"2025-03-14T18:13:33","slug":"preise-2-3-3-2-2","status":"publish","type":"page","link":"https:\/\/www.rupertrauch.at\/index.php\/preise-2-3-3-2-2\/","title":{"rendered":"Preise und Leistungen"},"content":{"rendered":"\t\t<div data-elementor-type=\"wp-page\" data-elementor-id=\"71\" class=\"elementor elementor-71\" data-elementor-post-type=\"page\">\n\t\t\t\t\t\t<section class=\"elementor-section elementor-top-section elementor-element elementor-element-47dc940 elementor-section-boxed elementor-section-height-default elementor-section-height-default\" data-id=\"47dc940\" data-element_type=\"section\" data-e-type=\"section\">\n\t\t\t\t\t\t<div class=\"elementor-container elementor-column-gap-default\">\n\t\t\t\t\t<div class=\"elementor-column elementor-col-100 elementor-top-column elementor-element elementor-element-6839f1a\" data-id=\"6839f1a\" data-element_type=\"column\" data-e-type=\"column\">\n\t\t\t<div class=\"elementor-widget-wrap elementor-element-populated\">\n\t\t\t\t\t\t<div class=\"elementor-element elementor-element-16ee9a7 elementor-widget elementor-widget-heading\" data-id=\"16ee9a7\" data-element_type=\"widget\" data-e-type=\"widget\" data-widget_type=\"heading.default\">\n\t\t\t\t<div class=\"elementor-widget-container\">\n\t\t\t\t\t<h2 class=\"elementor-heading-title elementor-size-default\">Preise und Leistungen<\/h2>\t\t\t\t<\/div>\n\t\t\t\t<\/div>\n\t\t\t\t\t<\/div>\n\t\t<\/div>\n\t\t\t\t\t<\/div>\n\t\t<\/section>\n\t\t\t\t<section class=\"elementor-section elementor-top-section elementor-element elementor-element-de227d1 elementor-section-stretched elementor-section-boxed elementor-section-height-default elementor-section-height-default\" data-id=\"de227d1\" data-element_type=\"section\" data-e-type=\"section\" data-settings=\"{&quot;stretch_section&quot;:&quot;section-stretched&quot;,&quot;shape_divider_bottom&quot;:&quot;waves&quot;}\">\n\t\t\t\t\t<div class=\"elementor-shape elementor-shape-bottom\" aria-hidden=\"true\" data-negative=\"false\">\n\t\t\t<svg xmlns=\"http:\/\/www.w3.org\/2000\/svg\" viewBox=\"0 0 1000 100\" preserveAspectRatio=\"none\">\n\t<path class=\"elementor-shape-fill\" d=\"M421.9,6.5c22.6-2.5,51.5,0.4,75.5,5.3c23.6,4.9,70.9,23.5,100.5,35.7c75.8,32.2,133.7,44.5,192.6,49.7\n\tc23.6,2.1,48.7,3.5,103.4-2.5c54.7-6,106.2-25.6,106.2-25.6V0H0v30.3c0,0,72,32.6,158.4,30.5c39.2-0.7,92.8-6.7,134-22.4\n\tc21.2-8.1,52.2-18.2,79.7-24.2C399.3,7.9,411.6,7.5,421.9,6.5z\"\/>\n<\/svg>\t\t<\/div>\n\t\t\t\t\t<div class=\"elementor-container elementor-column-gap-default\">\n\t\t\t\t\t<div class=\"elementor-column elementor-col-100 elementor-top-column elementor-element elementor-element-107bc34\" data-id=\"107bc34\" data-element_type=\"column\" data-e-type=\"column\">\n\t\t\t<div class=\"elementor-widget-wrap elementor-element-populated\">\n\t\t\t\t\t\t<div class=\"elementor-element elementor-element-4d857c7 elementor-widget-divider--view-line elementor-widget elementor-widget-divider\" data-id=\"4d857c7\" data-element_type=\"widget\" data-e-type=\"widget\" data-widget_type=\"divider.default\">\n\t\t\t\t<div class=\"elementor-widget-container\">\n\t\t\t\t\t\t\t<div class=\"elementor-divider\">\n\t\t\t<span class=\"elementor-divider-separator\">\n\t\t\t\t\t\t<\/span>\n\t\t<\/div>\n\t\t\t\t\t\t<\/div>\n\t\t\t\t<\/div>\n\t\t\t\t<div class=\"elementor-element elementor-element-88c3a51 elementor-widget elementor-widget-heading\" data-id=\"88c3a51\" data-element_type=\"widget\" data-e-type=\"widget\" data-widget_type=\"heading.default\">\n\t\t\t\t<div class=\"elementor-widget-container\">\n\t\t\t\t\t<h2 class=\"elementor-heading-title elementor-size-default\"><br>Was kosten Hochzeitsfotos?<\/h2>\t\t\t\t<\/div>\n\t\t\t\t<\/div>\n\t\t\t\t<div class=\"elementor-element elementor-element-bc0f572 elementor-widget elementor-widget-text-editor\" data-id=\"bc0f572\" data-element_type=\"widget\" data-e-type=\"widget\" data-widget_type=\"text-editor.default\">\n\t\t\t\t<div class=\"elementor-widget-container\">\n\t\t\t\t\t\t\t\t\t<p style=\"text-align: center;\">Hochzeitsfotografie bedeutet weit mehr, als einfach nur den Ausl\u00f6ser zu dr\u00fccken. Es steckt viel Herzblut, Planung und sorgf\u00e4ltige Nachbearbeitung dahinter, damit eure sch\u00f6nsten Momente perfekt festgehalten werden. Bei mir wird nichts dem Zufall \u00fcberlassen \u2013 ich bin an eurer Seite, um eure Geschichte in emotionalen Bildern zu erz\u00e4hlen.<\/p>\t\t\t\t\t\t\t\t<\/div>\n\t\t\t\t<\/div>\n\t\t\t\t<div class=\"elementor-element elementor-element-2b9be77 elementor-widget elementor-widget-spacer\" data-id=\"2b9be77\" data-element_type=\"widget\" data-e-type=\"widget\" data-widget_type=\"spacer.default\">\n\t\t\t\t<div class=\"elementor-widget-container\">\n\t\t\t\t\t\t\t<div class=\"elementor-spacer\">\n\t\t\t<div class=\"elementor-spacer-inner\"><\/div>\n\t\t<\/div>\n\t\t\t\t\t\t<\/div>\n\t\t\t\t<\/div>\n\t\t\t\t\t<\/div>\n\t\t<\/div>\n\t\t\t\t\t<\/div>\n\t\t<\/section>\n\t\t\t\t<section class=\"elementor-section elementor-top-section elementor-element elementor-element-a92d2d0 elementor-section-stretched elementor-section-boxed elementor-section-height-default elementor-section-height-default\" data-id=\"a92d2d0\" data-element_type=\"section\" data-e-type=\"section\" data-settings=\"{&quot;stretch_section&quot;:&quot;section-stretched&quot;}\">\n\t\t\t\t\t\t<div class=\"elementor-container elementor-column-gap-default\">\n\t\t\t\t\t<div class=\"elementor-column elementor-col-100 elementor-top-column elementor-element elementor-element-a44cfd0\" data-id=\"a44cfd0\" data-element_type=\"column\" data-e-type=\"column\">\n\t\t\t<div class=\"elementor-widget-wrap elementor-element-populated\">\n\t\t\t\t\t\t<div class=\"elementor-element elementor-element-4504572 elementor-widget elementor-widget-spacer\" data-id=\"4504572\" data-element_type=\"widget\" data-e-type=\"widget\" data-widget_type=\"spacer.default\">\n\t\t\t\t<div class=\"elementor-widget-container\">\n\t\t\t\t\t\t\t<div class=\"elementor-spacer\">\n\t\t\t<div class=\"elementor-spacer-inner\"><\/div>\n\t\t<\/div>\n\t\t\t\t\t\t<\/div>\n\t\t\t\t<\/div>\n\t\t\t\t<section class=\"elementor-section elementor-inner-section elementor-element elementor-element-b3cc3f0 elementor-section-boxed elementor-section-height-default elementor-section-height-default\" data-id=\"b3cc3f0\" data-element_type=\"section\" data-e-type=\"section\">\n\t\t\t\t\t\t<div class=\"elementor-container elementor-column-gap-default\">\n\t\t\t\t\t<div class=\"elementor-column elementor-col-50 elementor-inner-column elementor-element elementor-element-0073641\" data-id=\"0073641\" data-element_type=\"column\" data-e-type=\"column\">\n\t\t\t<div class=\"elementor-widget-wrap elementor-element-populated\">\n\t\t\t\t\t\t<div class=\"elementor-element elementor-element-c369175 elementor-widget elementor-widget-heading\" data-id=\"c369175\" data-element_type=\"widget\" data-e-type=\"widget\" data-widget_type=\"heading.default\">\n\t\t\t\t<div class=\"elementor-widget-container\">\n\t\t\t\t\t<h2 class=\"elementor-heading-title elementor-size-default\">Meine Hochzeitspakete sind so individuell wie eure Liebe und lassen sich flexibel an euren Tagesablauf anpassen. Sie enthalten alles, was ihr f\u00fcr unvergessliche Erinnerungen braucht:<\/h2>\t\t\t\t<\/div>\n\t\t\t\t<\/div>\n\t\t\t\t<div class=\"elementor-element elementor-element-adb22c5 elementor-widget elementor-widget-text-editor\" data-id=\"adb22c5\" data-element_type=\"widget\" data-e-type=\"widget\" data-widget_type=\"text-editor.default\">\n\t\t\t\t<div class=\"elementor-widget-container\">\n\t\t\t\t\t\t\t\t\t<p>\u2022\u00a0Pers\u00f6nliches Vorgespr\u00e4ch<\/p><p>\u2022\u00a0Professionelle Hochzeitsreportage vor Ort, inkl. Brautpaarportraits und <br \/>\u00a0 Gruppenbilder<\/p><p>\u2022\u00a0Digitale Bildbearbeitung und Retusche<\/p><p>\u2022\u00a0Exklusive und unbefristete Nutzungsrechte der Fotos<\/p><p>\u2022 Bilder in hoher Aufl\u00f6sung zum Download als JPG auf unserer<br \/>\u00a0 Onlinegalerie (Passwortgesch\u00fctzt)<\/p>\t\t\t\t\t\t\t\t<\/div>\n\t\t\t\t<\/div>\n\t\t\t\t\t<\/div>\n\t\t<\/div>\n\t\t\t\t<div class=\"elementor-column elementor-col-50 elementor-inner-column elementor-element elementor-element-599c3a1\" data-id=\"599c3a1\" data-element_type=\"column\" data-e-type=\"column\">\n\t\t\t<div class=\"elementor-widget-wrap elementor-element-populated\">\n\t\t\t\t\t\t<div class=\"elementor-element elementor-element-d2e1a8f elementor-widget elementor-widget-image\" data-id=\"d2e1a8f\" data-element_type=\"widget\" data-e-type=\"widget\" data-widget_type=\"image.default\">\n\t\t\t\t<div class=\"elementor-widget-container\">\n\t\t\t\t\t\t\t\t\t\t\t\t\t\t\t<img fetchpriority=\"high\" decoding=\"async\" width=\"800\" height=\"521\" src=\"https:\/\/www.rupertrauch.at\/wp-content\/uploads\/2019\/05\/0074-RR-Portfolio-Hochzeit_-1-1024x667.jpg\" class=\"attachment-large size-large wp-image-318\" alt=\"\" srcset=\"https:\/\/www.rupertrauch.at\/wp-content\/uploads\/2019\/05\/0074-RR-Portfolio-Hochzeit_-1-1024x667.jpg 1024w, https:\/\/www.rupertrauch.at\/wp-content\/uploads\/2019\/05\/0074-RR-Portfolio-Hochzeit_-1-300x196.jpg 300w, https:\/\/www.rupertrauch.at\/wp-content\/uploads\/2019\/05\/0074-RR-Portfolio-Hochzeit_-1-768x501.jpg 768w, https:\/\/www.rupertrauch.at\/wp-content\/uploads\/2019\/05\/0074-RR-Portfolio-Hochzeit_-1-50x33.jpg 50w, https:\/\/www.rupertrauch.at\/wp-content\/uploads\/2019\/05\/0074-RR-Portfolio-Hochzeit_-1.jpg 1381w\" sizes=\"(max-width: 800px) 100vw, 800px\" \/>\t\t\t\t\t\t\t\t\t\t\t\t\t\t\t<\/div>\n\t\t\t\t<\/div>\n\t\t\t\t\t<\/div>\n\t\t<\/div>\n\t\t\t\t\t<\/div>\n\t\t<\/section>\n\t\t\t\t<div class=\"elementor-element elementor-element-72f84c6 elementor-widget-divider--view-line elementor-widget elementor-widget-divider\" data-id=\"72f84c6\" data-element_type=\"widget\" data-e-type=\"widget\" data-widget_type=\"divider.default\">\n\t\t\t\t<div class=\"elementor-widget-container\">\n\t\t\t\t\t\t\t<div class=\"elementor-divider\">\n\t\t\t<span class=\"elementor-divider-separator\">\n\t\t\t\t\t\t<\/span>\n\t\t<\/div>\n\t\t\t\t\t\t<\/div>\n\t\t\t\t<\/div>\n\t\t\t\t<section class=\"elementor-section elementor-inner-section elementor-element elementor-element-05a343e elementor-section-boxed elementor-section-height-default elementor-section-height-default\" data-id=\"05a343e\" data-element_type=\"section\" data-e-type=\"section\">\n\t\t\t\t\t\t<div class=\"elementor-container elementor-column-gap-default\">\n\t\t\t\t\t<div class=\"elementor-column elementor-col-50 elementor-inner-column elementor-element elementor-element-8de5667\" data-id=\"8de5667\" data-element_type=\"column\" data-e-type=\"column\">\n\t\t\t<div class=\"elementor-widget-wrap elementor-element-populated\">\n\t\t\t\t\t\t<div class=\"elementor-element elementor-element-b4ff10b elementor-widget elementor-widget-image\" data-id=\"b4ff10b\" data-element_type=\"widget\" data-e-type=\"widget\" data-widget_type=\"image.default\">\n\t\t\t\t<div class=\"elementor-widget-container\">\n\t\t\t\t\t\t\t\t\t\t\t\t\t\t\t<img decoding=\"async\" width=\"800\" height=\"456\" src=\"https:\/\/www.rupertrauch.at\/wp-content\/uploads\/2019\/05\/0003-RR-Portfolio-Hochzeit_-1024x584.jpg\" class=\"attachment-large size-large wp-image-368\" alt=\"\" srcset=\"https:\/\/www.rupertrauch.at\/wp-content\/uploads\/2019\/05\/0003-RR-Portfolio-Hochzeit_-1024x584.jpg 1024w, https:\/\/www.rupertrauch.at\/wp-content\/uploads\/2019\/05\/0003-RR-Portfolio-Hochzeit_-300x171.jpg 300w, https:\/\/www.rupertrauch.at\/wp-content\/uploads\/2019\/05\/0003-RR-Portfolio-Hochzeit_-768x438.jpg 768w, https:\/\/www.rupertrauch.at\/wp-content\/uploads\/2019\/05\/0003-RR-Portfolio-Hochzeit_-50x29.jpg 50w, https:\/\/www.rupertrauch.at\/wp-content\/uploads\/2019\/05\/0003-RR-Portfolio-Hochzeit_.jpg 1578w\" sizes=\"(max-width: 800px) 100vw, 800px\" \/>\t\t\t\t\t\t\t\t\t\t\t\t\t\t\t<\/div>\n\t\t\t\t<\/div>\n\t\t\t\t\t<\/div>\n\t\t<\/div>\n\t\t\t\t<div class=\"elementor-column elementor-col-50 elementor-inner-column elementor-element elementor-element-dcddc6c\" data-id=\"dcddc6c\" data-element_type=\"column\" data-e-type=\"column\">\n\t\t\t<div class=\"elementor-widget-wrap elementor-element-populated\">\n\t\t\t\t\t\t<div class=\"elementor-element elementor-element-8cc2c96 elementor-widget elementor-widget-heading\" data-id=\"8cc2c96\" data-element_type=\"widget\" data-e-type=\"widget\" data-widget_type=\"heading.default\">\n\t\t\t\t<div class=\"elementor-widget-container\">\n\t\t\t\t\t<h2 class=\"elementor-heading-title elementor-size-default\">Paket 1:<\/h2>\t\t\t\t<\/div>\n\t\t\t\t<\/div>\n\t\t\t\t<div class=\"elementor-element elementor-element-890ddbf elementor-widget elementor-widget-text-editor\" data-id=\"890ddbf\" data-element_type=\"widget\" data-e-type=\"widget\" data-widget_type=\"text-editor.default\">\n\t\t\t\t<div class=\"elementor-widget-container\">\n\t\t\t\t\t\t\t\t\t<p style=\"text-align: center;\">\u00a0<\/p><p style=\"text-align: center;\"><span style=\"color: #000000;\">\u00a0<\/span><\/p><p style=\"text-align: center;\">\u2022 Fotografische Begleitung von 3 Stunden<\/p>\t\t\t\t\t\t\t\t<\/div>\n\t\t\t\t<\/div>\n\t\t\t\t<div class=\"elementor-element elementor-element-2e34c8c elementor-widget elementor-widget-heading\" data-id=\"2e34c8c\" data-element_type=\"widget\" data-e-type=\"widget\" data-widget_type=\"heading.default\">\n\t\t\t\t<div class=\"elementor-widget-container\">\n\t\t\t\t\t<h2 class=\"elementor-heading-title elementor-size-default\">Paket 2:<\/h2>\t\t\t\t<\/div>\n\t\t\t\t<\/div>\n\t\t\t\t<div class=\"elementor-element elementor-element-a674692 elementor-widget elementor-widget-text-editor\" data-id=\"a674692\" data-element_type=\"widget\" data-e-type=\"widget\" data-widget_type=\"text-editor.default\">\n\t\t\t\t<div class=\"elementor-widget-container\">\n\t\t\t\t\t\t\t\t\t<p style=\"text-align: center;\">\u00a0<\/p><p style=\"text-align: center;\"><span style=\"color: #000000;\">\u00a0<\/span><\/p><p style=\"text-align: center;\">\u2022 Fotografische Begleitung von 5 Stunden<\/p>\t\t\t\t\t\t\t\t<\/div>\n\t\t\t\t<\/div>\n\t\t\t\t\t<\/div>\n\t\t<\/div>\n\t\t\t\t\t<\/div>\n\t\t<\/section>\n\t\t\t\t<div class=\"elementor-element elementor-element-d81f971 elementor-widget-divider--view-line elementor-widget elementor-widget-divider\" data-id=\"d81f971\" data-element_type=\"widget\" data-e-type=\"widget\" data-widget_type=\"divider.default\">\n\t\t\t\t<div class=\"elementor-widget-container\">\n\t\t\t\t\t\t\t<div class=\"elementor-divider\">\n\t\t\t<span class=\"elementor-divider-separator\">\n\t\t\t\t\t\t<\/span>\n\t\t<\/div>\n\t\t\t\t\t\t<\/div>\n\t\t\t\t<\/div>\n\t\t\t\t<section class=\"elementor-section elementor-inner-section elementor-element elementor-element-8be4d40 elementor-section-boxed elementor-section-height-default elementor-section-height-default\" data-id=\"8be4d40\" data-element_type=\"section\" data-e-type=\"section\">\n\t\t\t\t\t\t<div class=\"elementor-container elementor-column-gap-default\">\n\t\t\t\t\t<div class=\"elementor-column elementor-col-50 elementor-inner-column elementor-element elementor-element-3a973dd\" data-id=\"3a973dd\" data-element_type=\"column\" data-e-type=\"column\">\n\t\t\t<div class=\"elementor-widget-wrap elementor-element-populated\">\n\t\t\t\t\t\t<div class=\"elementor-element elementor-element-b58c17e elementor-widget elementor-widget-heading\" data-id=\"b58c17e\" data-element_type=\"widget\" data-e-type=\"widget\" data-widget_type=\"heading.default\">\n\t\t\t\t<div class=\"elementor-widget-container\">\n\t\t\t\t\t<h2 class=\"elementor-heading-title elementor-size-default\">Zusatzleistungen:<\/h2>\t\t\t\t<\/div>\n\t\t\t\t<\/div>\n\t\t\t\t<div class=\"elementor-element elementor-element-72cf0d1 elementor-widget elementor-widget-text-editor\" data-id=\"72cf0d1\" data-element_type=\"widget\" data-e-type=\"widget\" data-widget_type=\"text-editor.default\">\n\t\t\t\t<div class=\"elementor-widget-container\">\n\t\t\t\t\t\t\t\t\t<p>\u2022 Photobooth ohne Ausdruck, inkl. Onlinegalerie<\/p><p>\u2022 Photobooth mit Ausdruck, inkl. E-Mail Versand, Fotos am<br \/>\u00a0 USB-Stick direkt zum Mitnehmen, Accessoires kostenlos<\/p><p>\u2022 Photobooth Slideshow inkl. Musik<\/p><p>\u2022 Drohnenaufnahmen<\/p>\t\t\t\t\t\t\t\t<\/div>\n\t\t\t\t<\/div>\n\t\t\t\t\t<\/div>\n\t\t<\/div>\n\t\t\t\t<div class=\"elementor-column elementor-col-50 elementor-inner-column elementor-element elementor-element-c8bdd1f\" data-id=\"c8bdd1f\" data-element_type=\"column\" data-e-type=\"column\">\n\t\t\t<div class=\"elementor-widget-wrap elementor-element-populated\">\n\t\t\t\t\t\t<div class=\"elementor-element elementor-element-c0eacb7 elementor-widget elementor-widget-image\" data-id=\"c0eacb7\" data-element_type=\"widget\" data-e-type=\"widget\" data-widget_type=\"image.default\">\n\t\t\t\t<div class=\"elementor-widget-container\">\n\t\t\t\t\t\t\t\t\t\t\t\t\t\t\t<img decoding=\"async\" width=\"800\" height=\"534\" src=\"https:\/\/www.rupertrauch.at\/wp-content\/uploads\/2019\/05\/0066-RR-Portfolio-Hochzeit_-1024x683.jpg\" class=\"attachment-large size-large wp-image-382\" alt=\"\" srcset=\"https:\/\/www.rupertrauch.at\/wp-content\/uploads\/2019\/05\/0066-RR-Portfolio-Hochzeit_-1024x683.jpg 1024w, https:\/\/www.rupertrauch.at\/wp-content\/uploads\/2019\/05\/0066-RR-Portfolio-Hochzeit_-300x200.jpg 300w, https:\/\/www.rupertrauch.at\/wp-content\/uploads\/2019\/05\/0066-RR-Portfolio-Hochzeit_-768x512.jpg 768w, https:\/\/www.rupertrauch.at\/wp-content\/uploads\/2019\/05\/0066-RR-Portfolio-Hochzeit_-50x33.jpg 50w, https:\/\/www.rupertrauch.at\/wp-content\/uploads\/2019\/05\/0066-RR-Portfolio-Hochzeit_-360x240.jpg 360w, https:\/\/www.rupertrauch.at\/wp-content\/uploads\/2019\/05\/0066-RR-Portfolio-Hochzeit_.jpg 1349w\" sizes=\"(max-width: 800px) 100vw, 800px\" \/>\t\t\t\t\t\t\t\t\t\t\t\t\t\t\t<\/div>\n\t\t\t\t<\/div>\n\t\t\t\t\t<\/div>\n\t\t<\/div>\n\t\t\t\t\t<\/div>\n\t\t<\/section>\n\t\t\t\t\t<\/div>\n\t\t<\/div>\n\t\t\t\t\t<\/div>\n\t\t<\/section>\n\t\t\t\t<section class=\"elementor-section elementor-top-section elementor-element elementor-element-ea6f26f elementor-section-boxed elementor-section-height-default elementor-section-height-default\" data-id=\"ea6f26f\" data-element_type=\"section\" data-e-type=\"section\">\n\t\t\t\t\t\t<div class=\"elementor-container elementor-column-gap-default\">\n\t\t\t\t\t<div class=\"elementor-column elementor-col-100 elementor-top-column elementor-element elementor-element-4f3b086\" data-id=\"4f3b086\" data-element_type=\"column\" data-e-type=\"column\">\n\t\t\t<div class=\"elementor-widget-wrap elementor-element-populated\">\n\t\t\t\t\t\t<div class=\"elementor-element elementor-element-4dd45e2 elementor-widget-divider--view-line elementor-widget elementor-widget-divider\" data-id=\"4dd45e2\" data-element_type=\"widget\" data-e-type=\"widget\" data-widget_type=\"divider.default\">\n\t\t\t\t<div class=\"elementor-widget-container\">\n\t\t\t\t\t\t\t<div class=\"elementor-divider\">\n\t\t\t<span class=\"elementor-divider-separator\">\n\t\t\t\t\t\t<\/span>\n\t\t<\/div>\n\t\t\t\t\t\t<\/div>\n\t\t\t\t<\/div>\n\t\t\t\t<div class=\"elementor-element elementor-element-885feb4 elementor-align-center elementor-widget elementor-widget-button\" data-id=\"885feb4\" data-element_type=\"widget\" data-e-type=\"widget\" data-widget_type=\"button.default\">\n\t\t\t\t<div class=\"elementor-widget-container\">\n\t\t\t\t\t\t\t\t\t<div class=\"elementor-button-wrapper\">\n\t\t\t\t\t<a class=\"elementor-button elementor-button-link elementor-size-lg\" href=\"https:\/\/www.rupertrauch.at\/wp-content\/uploads\/2025\/03\/Preisliste-2025-neu-1-PW.pdf\" target=\"_blank\">\n\t\t\t\t\t\t<span class=\"elementor-button-content-wrapper\">\n\t\t\t\t\t\t\t\t\t<span class=\"elementor-button-text\">Download Preisliste<\/span>\n\t\t\t\t\t<\/span>\n\t\t\t\t\t<\/a>\n\t\t\t\t<\/div>\n\t\t\t\t\t\t\t\t<\/div>\n\t\t\t\t<\/div>\n\t\t\t\t<div class=\"elementor-element elementor-element-c4e533c elementor-widget elementor-widget-spacer\" data-id=\"c4e533c\" data-element_type=\"widget\" data-e-type=\"widget\" data-widget_type=\"spacer.default\">\n\t\t\t\t<div class=\"elementor-widget-container\">\n\t\t\t\t\t\t\t<div class=\"elementor-spacer\">\n\t\t\t<div class=\"elementor-spacer-inner\"><\/div>\n\t\t<\/div>\n\t\t\t\t\t\t<\/div>\n\t\t\t\t<\/div>\n\t\t\t\t\t<\/div>\n\t\t<\/div>\n\t\t\t\t\t<\/div>\n\t\t<\/section>\n\t\t\t\t<\/div>\n\t\t","protected":false},"excerpt":{"rendered":"<p>Preise und Leistungen Was kosten Hochzeitsfotos? Hochzeitsfotografie bedeutet weit mehr, als einfach nur den Ausl\u00f6ser zu dr\u00fccken. Es steckt viel Herzblut, Planung und sorgf\u00e4ltige Nachbearbeitung dahinter, damit eure sch\u00f6nsten Momente perfekt festgehalten werden. Bei mir wird nichts dem Zufall \u00fcberlassen \u2013 ich bin an eurer Seite, um eure Geschichte in emotionalen Bildern zu erz\u00e4hlen. Meine [&hellip;]<\/p>\n","protected":false},"author":1,"featured_media":0,"parent":0,"menu_order":0,"comment_status":"closed","ping_status":"closed","template":"","meta":{"footnotes":""},"class_list":["post-71","page","type-page","status-publish","hentry"],"wppr_data":{"cwp_meta_box_check":"No"},"_links":{"self":[{"href":"https:\/\/www.rupertrauch.at\/index.php\/wp-json\/wp\/v2\/pages\/71","targetHints":{"allow":["GET"]}}],"collection":[{"href":"https:\/\/www.rupertrauch.at\/index.php\/wp-json\/wp\/v2\/pages"}],"about":[{"href":"https:\/\/www.rupertrauch.at\/index.php\/wp-json\/wp\/v2\/types\/page"}],"author":[{"embeddable":true,"href":"https:\/\/www.rupertrauch.at\/index.php\/wp-json\/wp\/v2\/users\/1"}],"replies":[{"embeddable":true,"href":"https:\/\/www.rupertrauch.at\/index.php\/wp-json\/wp\/v2\/comments?post=71"}],"version-history":[{"count":78,"href":"https:\/\/www.rupertrauch.at\/index.php\/wp-json\/wp\/v2\/pages\/71\/revisions"}],"predecessor-version":[{"id":1563,"href":"https:\/\/www.rupertrauch.at\/index.php\/wp-json\/wp\/v2\/pages\/71\/revisions\/1563"}],"wp:attachment":[{"href":"https:\/\/www.rupertrauch.at\/index.php\/wp-json\/wp\/v2\/media?parent=71"}],"curies":[{"name":"wp","href":"https:\/\/api.w.org\/{rel}","templated":true}]}}