{"id":69,"date":"2018-06-28T10:17:51","date_gmt":"2018-06-28T08:17:51","guid":{"rendered":"https:\/\/www.rupertrauch.at\/?page_id=69"},"modified":"2025-02-09T19:04:16","modified_gmt":"2025-02-09T18:04:16","slug":"preise-2-2","status":"publish","type":"page","link":"https:\/\/www.rupertrauch.at\/index.php\/preise-2-2\/","title":{"rendered":"\u00dcber uns"},"content":{"rendered":"\t\t<div data-elementor-type=\"wp-post\" data-elementor-id=\"69\" class=\"elementor elementor-69\" data-elementor-post-type=\"page\">\n\t\t\t\t\t\t<section class=\"elementor-section elementor-top-section elementor-element elementor-element-05df866 elementor-section-boxed elementor-section-height-default elementor-section-height-default\" data-id=\"05df866\" data-element_type=\"section\" data-e-type=\"section\" data-settings=\"{&quot;shape_divider_bottom&quot;:&quot;waves&quot;}\">\n\t\t\t\t\t<div class=\"elementor-shape elementor-shape-bottom\" aria-hidden=\"true\" data-negative=\"false\">\n\t\t\t<svg xmlns=\"http:\/\/www.w3.org\/2000\/svg\" viewBox=\"0 0 1000 100\" preserveAspectRatio=\"none\">\n\t<path class=\"elementor-shape-fill\" d=\"M421.9,6.5c22.6-2.5,51.5,0.4,75.5,5.3c23.6,4.9,70.9,23.5,100.5,35.7c75.8,32.2,133.7,44.5,192.6,49.7\n\tc23.6,2.1,48.7,3.5,103.4-2.5c54.7-6,106.2-25.6,106.2-25.6V0H0v30.3c0,0,72,32.6,158.4,30.5c39.2-0.7,92.8-6.7,134-22.4\n\tc21.2-8.1,52.2-18.2,79.7-24.2C399.3,7.9,411.6,7.5,421.9,6.5z\"\/>\n<\/svg>\t\t<\/div>\n\t\t\t\t\t<div class=\"elementor-container elementor-column-gap-default\">\n\t\t\t\t\t<div class=\"elementor-column elementor-col-100 elementor-top-column elementor-element elementor-element-685232b\" data-id=\"685232b\" data-element_type=\"column\" data-e-type=\"column\">\n\t\t\t<div class=\"elementor-widget-wrap elementor-element-populated\">\n\t\t\t\t\t\t<div class=\"elementor-element elementor-element-f45d6ca elementor-widget elementor-widget-heading\" data-id=\"f45d6ca\" data-element_type=\"widget\" data-e-type=\"widget\" data-widget_type=\"heading.default\">\n\t\t\t\t<div class=\"elementor-widget-container\">\n\t\t\t\t\t<h1 class=\"elementor-heading-title elementor-size-default\">\u00dcber uns<\/h1>\t\t\t\t<\/div>\n\t\t\t\t<\/div>\n\t\t\t\t<div class=\"elementor-element elementor-element-6a9abcf elementor-widget elementor-widget-spacer\" data-id=\"6a9abcf\" data-element_type=\"widget\" data-e-type=\"widget\" data-widget_type=\"spacer.default\">\n\t\t\t\t<div class=\"elementor-widget-container\">\n\t\t\t\t\t\t\t<div class=\"elementor-spacer\">\n\t\t\t<div class=\"elementor-spacer-inner\"><\/div>\n\t\t<\/div>\n\t\t\t\t\t\t<\/div>\n\t\t\t\t<\/div>\n\t\t\t\t\t<\/div>\n\t\t<\/div>\n\t\t\t\t\t<\/div>\n\t\t<\/section>\n\t\t\t\t<section class=\"elementor-section elementor-top-section elementor-element elementor-element-52db884 elementor-section-boxed elementor-section-height-default elementor-section-height-default\" data-id=\"52db884\" data-element_type=\"section\" data-e-type=\"section\">\n\t\t\t\t\t\t<div class=\"elementor-container elementor-column-gap-default\">\n\t\t\t\t\t<div class=\"elementor-column elementor-col-100 elementor-top-column elementor-element elementor-element-a4ba30c\" data-id=\"a4ba30c\" data-element_type=\"column\" data-e-type=\"column\">\n\t\t\t<div class=\"elementor-widget-wrap elementor-element-populated\">\n\t\t\t\t\t\t<section class=\"elementor-section elementor-inner-section elementor-element elementor-element-2eccb56 elementor-section-boxed elementor-section-height-default elementor-section-height-default\" data-id=\"2eccb56\" data-element_type=\"section\" data-e-type=\"section\">\n\t\t\t\t\t\t<div class=\"elementor-container elementor-column-gap-default\">\n\t\t\t\t\t<div class=\"elementor-column elementor-col-50 elementor-inner-column elementor-element elementor-element-befb4dd\" data-id=\"befb4dd\" data-element_type=\"column\" data-e-type=\"column\">\n\t\t\t<div class=\"elementor-widget-wrap elementor-element-populated\">\n\t\t\t\t\t\t<div class=\"elementor-element elementor-element-dd5e82d elementor-widget elementor-widget-heading\" data-id=\"dd5e82d\" data-element_type=\"widget\" data-e-type=\"widget\" data-widget_type=\"heading.default\">\n\t\t\t\t<div class=\"elementor-widget-container\">\n\t\t\t\t\t<h2 class=\"elementor-heading-title elementor-size-default\"><br><br><br>Fotografie ist meine Leideschaft \n<br>und kleine, exklusive Hochzeiten haben es mir besonders angetan <\/h2>\t\t\t\t<\/div>\n\t\t\t\t<\/div>\n\t\t\t\t<div class=\"elementor-element elementor-element-7595c26 elementor-widget elementor-widget-text-editor\" data-id=\"7595c26\" data-element_type=\"widget\" data-e-type=\"widget\" data-widget_type=\"text-editor.default\">\n\t\t\t\t<div class=\"elementor-widget-container\">\n\t\t\t\t\t\t\t\t\t<p>Mit &#8222;Rupert Rauch Photography&#8220; stehe ich f\u00fcr professionelle Fotos in einer entspannten und herzlichen Atmosph\u00e4re. Dank meiner jahrelangen Erfahrung habe ich die Freude daran gefunden, die intimen und einzigartigen Momente kleiner Hochzeiten in zeitlosen Bildern festzuhalten. Jede Hochzeit erz\u00e4hlt eine besondere Geschichte \u2013 und ich nehme mir die Zeit, sie mit viel Feingef\u00fchl und Liebe zum Detail einzufangen.<\/p><p>Ein Foto ist mehr als ein Bild \u2013 es ist eine Erinnerung f\u00fcrs Leben. Schaut euch mein Portfolio an und lasst euch von meinen Arbeiten inspirieren. Wenn euch meine Bilder ansprechen, meldet euch gern bei mir.\u00a0<\/p><p>Ich freue mich darauf, euren gro\u00dfen Tag mit unvergesslichen Aufnahmen festzuhalten.<\/p>\t\t\t\t\t\t\t\t<\/div>\n\t\t\t\t<\/div>\n\t\t\t\t<div class=\"elementor-element elementor-element-41d158c elementor-widget__width-initial elementor-widget elementor-widget-heading\" data-id=\"41d158c\" data-element_type=\"widget\" data-e-type=\"widget\" data-widget_type=\"heading.default\">\n\t\t\t\t<div class=\"elementor-widget-container\">\n\t\t\t\t\t<h2 class=\"elementor-heading-title elementor-size-default\"><br><br>              Rupert<\/h2>\t\t\t\t<\/div>\n\t\t\t\t<\/div>\n\t\t\t\t\t<\/div>\n\t\t<\/div>\n\t\t\t\t<div class=\"elementor-column elementor-col-50 elementor-inner-column elementor-element elementor-element-9d7f065\" data-id=\"9d7f065\" data-element_type=\"column\" data-e-type=\"column\">\n\t\t\t<div class=\"elementor-widget-wrap elementor-element-populated\">\n\t\t\t\t\t\t<div class=\"elementor-element elementor-element-c245954 elementor-widget elementor-widget-image\" data-id=\"c245954\" data-element_type=\"widget\" data-e-type=\"widget\" data-widget_type=\"image.default\">\n\t\t\t\t<div class=\"elementor-widget-container\">\n\t\t\t\t\t\t\t\t\t\t\t\t\t\t\t<img fetchpriority=\"high\" decoding=\"async\" width=\"692\" height=\"1024\" src=\"https:\/\/www.rupertrauch.at\/wp-content\/uploads\/2025\/02\/02d66c19-f9e1-44be-af2a-c8b0f9704923-692x1024.jpg\" class=\"attachment-large size-large wp-image-1376\" alt=\"\" srcset=\"https:\/\/www.rupertrauch.at\/wp-content\/uploads\/2025\/02\/02d66c19-f9e1-44be-af2a-c8b0f9704923-692x1024.jpg 692w, https:\/\/www.rupertrauch.at\/wp-content\/uploads\/2025\/02\/02d66c19-f9e1-44be-af2a-c8b0f9704923-203x300.jpg 203w, https:\/\/www.rupertrauch.at\/wp-content\/uploads\/2025\/02\/02d66c19-f9e1-44be-af2a-c8b0f9704923-768x1137.jpg 768w, https:\/\/www.rupertrauch.at\/wp-content\/uploads\/2025\/02\/02d66c19-f9e1-44be-af2a-c8b0f9704923-1038x1536.jpg 1038w, https:\/\/www.rupertrauch.at\/wp-content\/uploads\/2025\/02\/02d66c19-f9e1-44be-af2a-c8b0f9704923-34x50.jpg 34w, https:\/\/www.rupertrauch.at\/wp-content\/uploads\/2025\/02\/02d66c19-f9e1-44be-af2a-c8b0f9704923.jpg 1081w\" sizes=\"(max-width: 692px) 100vw, 692px\" \/>\t\t\t\t\t\t\t\t\t\t\t\t\t\t\t<\/div>\n\t\t\t\t<\/div>\n\t\t\t\t\t<\/div>\n\t\t<\/div>\n\t\t\t\t\t<\/div>\n\t\t<\/section>\n\t\t\t\t<div class=\"elementor-element elementor-element-77a7bf2 elementor-widget elementor-widget-spacer\" data-id=\"77a7bf2\" data-element_type=\"widget\" data-e-type=\"widget\" data-widget_type=\"spacer.default\">\n\t\t\t\t<div class=\"elementor-widget-container\">\n\t\t\t\t\t\t\t<div class=\"elementor-spacer\">\n\t\t\t<div class=\"elementor-spacer-inner\"><\/div>\n\t\t<\/div>\n\t\t\t\t\t\t<\/div>\n\t\t\t\t<\/div>\n\t\t\t\t<div class=\"elementor-element elementor-element-5ea2b2e elementor-widget-divider--view-line elementor-widget elementor-widget-divider\" data-id=\"5ea2b2e\" data-element_type=\"widget\" data-e-type=\"widget\" data-widget_type=\"divider.default\">\n\t\t\t\t<div class=\"elementor-widget-container\">\n\t\t\t\t\t\t\t<div class=\"elementor-divider\">\n\t\t\t<span class=\"elementor-divider-separator\">\n\t\t\t\t\t\t<\/span>\n\t\t<\/div>\n\t\t\t\t\t\t<\/div>\n\t\t\t\t<\/div>\n\t\t\t\t\t<\/div>\n\t\t<\/div>\n\t\t\t\t\t<\/div>\n\t\t<\/section>\n\t\t\t\t<section class=\"elementor-section elementor-top-section elementor-element elementor-element-8749506 elementor-section-boxed elementor-section-height-default elementor-section-height-default\" data-id=\"8749506\" data-element_type=\"section\" data-e-type=\"section\">\n\t\t\t\t\t\t<div class=\"elementor-container elementor-column-gap-default\">\n\t\t\t\t\t<div class=\"elementor-column elementor-col-100 elementor-top-column elementor-element elementor-element-ce5d14e\" data-id=\"ce5d14e\" data-element_type=\"column\" data-e-type=\"column\">\n\t\t\t<div class=\"elementor-widget-wrap elementor-element-populated\">\n\t\t\t\t\t\t<section class=\"elementor-section elementor-inner-section elementor-element elementor-element-73c8ce5 elementor-section-boxed elementor-section-height-default elementor-section-height-default\" data-id=\"73c8ce5\" data-element_type=\"section\" data-e-type=\"section\">\n\t\t\t\t\t\t<div class=\"elementor-container elementor-column-gap-default\">\n\t\t\t\t\t<div class=\"elementor-column elementor-col-50 elementor-inner-column elementor-element elementor-element-f50bdb9\" data-id=\"f50bdb9\" data-element_type=\"column\" data-e-type=\"column\">\n\t\t\t<div class=\"elementor-widget-wrap elementor-element-populated\">\n\t\t\t\t\t\t<div class=\"elementor-element elementor-element-30ce7ab elementor-widget elementor-widget-image\" data-id=\"30ce7ab\" data-element_type=\"widget\" data-e-type=\"widget\" data-widget_type=\"image.default\">\n\t\t\t\t<div class=\"elementor-widget-container\">\n\t\t\t\t\t\t\t\t\t\t\t\t\t\t\t<img decoding=\"async\" width=\"682\" height=\"1024\" src=\"https:\/\/www.rupertrauch.at\/wp-content\/uploads\/2025\/02\/IMG_0557-682x1024.jpg\" class=\"attachment-large size-large wp-image-1377\" alt=\"\" srcset=\"https:\/\/www.rupertrauch.at\/wp-content\/uploads\/2025\/02\/IMG_0557-682x1024.jpg 682w, https:\/\/www.rupertrauch.at\/wp-content\/uploads\/2025\/02\/IMG_0557-200x300.jpg 200w, https:\/\/www.rupertrauch.at\/wp-content\/uploads\/2025\/02\/IMG_0557-768x1154.jpg 768w, https:\/\/www.rupertrauch.at\/wp-content\/uploads\/2025\/02\/IMG_0557-33x50.jpg 33w, https:\/\/www.rupertrauch.at\/wp-content\/uploads\/2025\/02\/IMG_0557.jpg 852w\" sizes=\"(max-width: 682px) 100vw, 682px\" \/>\t\t\t\t\t\t\t\t\t\t\t\t\t\t\t<\/div>\n\t\t\t\t<\/div>\n\t\t\t\t\t<\/div>\n\t\t<\/div>\n\t\t\t\t<div class=\"elementor-column elementor-col-50 elementor-inner-column elementor-element elementor-element-994de43\" data-id=\"994de43\" data-element_type=\"column\" data-e-type=\"column\">\n\t\t\t<div class=\"elementor-widget-wrap elementor-element-populated\">\n\t\t\t\t\t\t<div class=\"elementor-element elementor-element-169782f elementor-widget elementor-widget-heading\" data-id=\"169782f\" data-element_type=\"widget\" data-e-type=\"widget\" data-widget_type=\"heading.default\">\n\t\t\t\t<div class=\"elementor-widget-container\">\n\t\t\t\t\t<h2 class=\"elementor-heading-title elementor-size-default\"><br><br><br><br><br>Die gute Seele im Hintergrund<\/h2>\t\t\t\t<\/div>\n\t\t\t\t<\/div>\n\t\t\t\t<div class=\"elementor-element elementor-element-625cb31 elementor-widget elementor-widget-text-editor\" data-id=\"625cb31\" data-element_type=\"widget\" data-e-type=\"widget\" data-widget_type=\"text-editor.default\">\n\t\t\t\t<div class=\"elementor-widget-container\">\n\t\t\t\t\t\t\t\t\t<p>Mein Name ist Karin, und w\u00e4hrend mein Mann mit der Kamera die sch\u00f6nsten Momente einf\u00e4ngt, sorge ich daf\u00fcr, dass im Hintergrund alles harmonisch l\u00e4uft.\u00a0<\/p><p>Ich beantworte eure Anfragen, koordiniere die Termine, k\u00fcmmere mich um die Werbung und die Homepage \u2013 kurz gesagt, ich bin die kreative Hand im Hintergrund.\u00a0<\/p><p>Mit viel Herz und Organisationstalent halte ich ihm den R\u00fccken frei, damit er sich ganz auf seine Leidenschaft konzentrieren kann: eure unvergesslichen Erinnerungen in Bildern festzuhalten.<\/p>\t\t\t\t\t\t\t\t<\/div>\n\t\t\t\t<\/div>\n\t\t\t\t\t<\/div>\n\t\t<\/div>\n\t\t\t\t\t<\/div>\n\t\t<\/section>\n\t\t\t\t\t<\/div>\n\t\t<\/div>\n\t\t\t\t\t<\/div>\n\t\t<\/section>\n\t\t\t\t<\/div>\n\t\t","protected":false},"excerpt":{"rendered":"<p>\u00dcber uns Fotografie ist meine Leideschaft und kleine, exklusive Hochzeiten haben es mir besonders angetan Mit &#8222;Rupert Rauch Photography&#8220; stehe ich f\u00fcr professionelle Fotos in einer entspannten und herzlichen Atmosph\u00e4re. Dank meiner jahrelangen Erfahrung habe ich die Freude daran gefunden, die intimen und einzigartigen Momente kleiner Hochzeiten in zeitlosen Bildern festzuhalten. Jede Hochzeit erz\u00e4hlt eine [&hellip;]<\/p>\n","protected":false},"author":1,"featured_media":0,"parent":0,"menu_order":0,"comment_status":"closed","ping_status":"closed","template":"","meta":{"footnotes":""},"class_list":["post-69","page","type-page","status-publish","hentry"],"wppr_data":{"cwp_meta_box_check":"No"},"_links":{"self":[{"href":"https:\/\/www.rupertrauch.at\/index.php\/wp-json\/wp\/v2\/pages\/69","targetHints":{"allow":["GET"]}}],"collection":[{"href":"https:\/\/www.rupertrauch.at\/index.php\/wp-json\/wp\/v2\/pages"}],"about":[{"href":"https:\/\/www.rupertrauch.at\/index.php\/wp-json\/wp\/v2\/types\/page"}],"author":[{"embeddable":true,"href":"https:\/\/www.rupertrauch.at\/index.php\/wp-json\/wp\/v2\/users\/1"}],"replies":[{"embeddable":true,"href":"https:\/\/www.rupertrauch.at\/index.php\/wp-json\/wp\/v2\/comments?post=69"}],"version-history":[{"count":56,"href":"https:\/\/www.rupertrauch.at\/index.php\/wp-json\/wp\/v2\/pages\/69\/revisions"}],"predecessor-version":[{"id":1514,"href":"https:\/\/www.rupertrauch.at\/index.php\/wp-json\/wp\/v2\/pages\/69\/revisions\/1514"}],"wp:attachment":[{"href":"https:\/\/www.rupertrauch.at\/index.php\/wp-json\/wp\/v2\/media?parent=69"}],"curies":[{"name":"wp","href":"https:\/\/api.w.org\/{rel}","templated":true}]}}