{"id":54,"date":"2018-06-05T13:48:53","date_gmt":"2018-06-05T11:48:53","guid":{"rendered":"https:\/\/www.rupertrauch.at\/?page_id=54"},"modified":"2025-12-23T23:06:08","modified_gmt":"2025-12-23T22:06:08","slug":"blog","status":"publish","type":"page","link":"https:\/\/www.rupertrauch.at\/","title":{"rendered":"Home"},"content":{"rendered":"\t\t<div data-elementor-type=\"wp-post\" data-elementor-id=\"54\" class=\"elementor elementor-54\" data-elementor-post-type=\"page\">\n\t\t\t\t\t\t<section class=\"elementor-section elementor-top-section elementor-element elementor-element-f6b0071 elementor-section-full_width elementor-section-height-min-height elementor-section-stretched elementor-hidden-phone elementor-section-height-default elementor-section-items-middle\" data-id=\"f6b0071\" data-element_type=\"section\" data-e-type=\"section\" data-settings=\"{&quot;background_background&quot;:&quot;classic&quot;,&quot;stretch_section&quot;:&quot;section-stretched&quot;}\">\n\t\t\t\t\t\t<div class=\"elementor-container elementor-column-gap-no\">\n\t\t\t\t\t<div class=\"elementor-column elementor-col-100 elementor-top-column elementor-element elementor-element-e5bf66e\" data-id=\"e5bf66e\" data-element_type=\"column\" data-e-type=\"column\">\n\t\t\t<div class=\"elementor-widget-wrap\">\n\t\t\t\t\t\t\t<\/div>\n\t\t<\/div>\n\t\t\t\t\t<\/div>\n\t\t<\/section>\n\t\t\t\t<section class=\"elementor-section elementor-top-section elementor-element elementor-element-5e4ff95 elementor-section-boxed elementor-section-height-default elementor-section-height-default\" data-id=\"5e4ff95\" data-element_type=\"section\" data-e-type=\"section\">\n\t\t\t\t\t\t<div class=\"elementor-container elementor-column-gap-default\">\n\t\t\t\t\t<div class=\"elementor-column elementor-col-100 elementor-top-column elementor-element elementor-element-7b25f5e\" data-id=\"7b25f5e\" data-element_type=\"column\" data-e-type=\"column\">\n\t\t\t<div class=\"elementor-widget-wrap elementor-element-populated\">\n\t\t\t\t\t\t<div class=\"elementor-element elementor-element-e7cd554 elementor-widget elementor-widget-spacer\" data-id=\"e7cd554\" data-element_type=\"widget\" data-e-type=\"widget\" data-widget_type=\"spacer.default\">\n\t\t\t\t<div class=\"elementor-widget-container\">\n\t\t\t\t\t\t\t<div class=\"elementor-spacer\">\n\t\t\t<div class=\"elementor-spacer-inner\"><\/div>\n\t\t<\/div>\n\t\t\t\t\t\t<\/div>\n\t\t\t\t<\/div>\n\t\t\t\t\t<\/div>\n\t\t<\/div>\n\t\t\t\t\t<\/div>\n\t\t<\/section>\n\t\t\t\t<section class=\"elementor-section elementor-top-section elementor-element elementor-element-2a743a5 elementor-section-full_width elementor-section-height-min-height elementor-section-stretched elementor-hidden-phone elementor-section-content-top elementor-section-height-default elementor-section-items-middle\" data-id=\"2a743a5\" data-element_type=\"section\" data-e-type=\"section\" data-settings=\"{&quot;background_background&quot;:&quot;classic&quot;,&quot;stretch_section&quot;:&quot;section-stretched&quot;}\">\n\t\t\t\t\t\t<div class=\"elementor-container elementor-column-gap-narrow\">\n\t\t\t\t\t<div class=\"elementor-column elementor-col-100 elementor-top-column elementor-element elementor-element-76cffbe\" data-id=\"76cffbe\" data-element_type=\"column\" data-e-type=\"column\">\n\t\t\t<div class=\"elementor-widget-wrap elementor-element-populated\">\n\t\t\t\t\t\t<div class=\"elementor-element elementor-element-88451b2 elementor-widget elementor-widget-spacer\" data-id=\"88451b2\" data-element_type=\"widget\" data-e-type=\"widget\" data-widget_type=\"spacer.default\">\n\t\t\t\t<div class=\"elementor-widget-container\">\n\t\t\t\t\t\t\t<div class=\"elementor-spacer\">\n\t\t\t<div class=\"elementor-spacer-inner\"><\/div>\n\t\t<\/div>\n\t\t\t\t\t\t<\/div>\n\t\t\t\t<\/div>\n\t\t\t\t<section class=\"elementor-section elementor-inner-section elementor-element elementor-element-fafd515 elementor-hidden-phone elementor-section-boxed elementor-section-height-default elementor-section-height-default\" data-id=\"fafd515\" data-element_type=\"section\" data-e-type=\"section\">\n\t\t\t\t\t\t<div class=\"elementor-container elementor-column-gap-default\">\n\t\t\t\t\t<div class=\"elementor-column elementor-col-100 elementor-inner-column elementor-element elementor-element-7bf6ac1\" data-id=\"7bf6ac1\" data-element_type=\"column\" data-e-type=\"column\" data-settings=\"{&quot;background_background&quot;:&quot;classic&quot;}\">\n\t\t\t<div class=\"elementor-widget-wrap elementor-element-populated\">\n\t\t\t\t\t\t<div class=\"elementor-element elementor-element-d31f92e elementor-widget elementor-widget-heading\" data-id=\"d31f92e\" data-element_type=\"widget\" data-e-type=\"widget\" data-widget_type=\"heading.default\">\n\t\t\t\t<div class=\"elementor-widget-container\">\n\t\t\t\t\t<h2 class=\"elementor-heading-title elementor-size-default\">Hochzeit<\/h2>\t\t\t\t<\/div>\n\t\t\t\t<\/div>\n\t\t\t\t<div class=\"elementor-element elementor-element-4392cc1 elementor-widget__width-inherit elementor-widget elementor-widget-text-editor\" data-id=\"4392cc1\" data-element_type=\"widget\" data-e-type=\"widget\" data-widget_type=\"text-editor.default\">\n\t\t\t\t<div class=\"elementor-widget-container\">\n\t\t\t\t\t\t\t\t\t<p><strong>\u00a0<\/strong><\/p><p>Haltet euren sch\u00f6nsten Tag des Lebens geb\u00fchrend fest, sodass ihr ihn nie mehr vergesst!<\/p>\t\t\t\t\t\t\t\t<\/div>\n\t\t\t\t<\/div>\n\t\t\t\t\t<\/div>\n\t\t<\/div>\n\t\t\t\t\t<\/div>\n\t\t<\/section>\n\t\t\t\t\t<\/div>\n\t\t<\/div>\n\t\t\t\t\t<\/div>\n\t\t<\/section>\n\t\t\t\t<section class=\"elementor-section elementor-top-section elementor-element elementor-element-6370f84 elementor-section-boxed elementor-section-height-default elementor-section-height-default\" data-id=\"6370f84\" data-element_type=\"section\" data-e-type=\"section\">\n\t\t\t\t\t\t<div class=\"elementor-container elementor-column-gap-default\">\n\t\t\t\t\t<div class=\"elementor-column elementor-col-100 elementor-top-column elementor-element elementor-element-50432f7\" data-id=\"50432f7\" data-element_type=\"column\" data-e-type=\"column\">\n\t\t\t<div class=\"elementor-widget-wrap elementor-element-populated\">\n\t\t\t\t\t\t<div class=\"elementor-element elementor-element-0c21ac7 elementor-widget elementor-widget-spacer\" data-id=\"0c21ac7\" data-element_type=\"widget\" data-e-type=\"widget\" data-widget_type=\"spacer.default\">\n\t\t\t\t<div class=\"elementor-widget-container\">\n\t\t\t\t\t\t\t<div class=\"elementor-spacer\">\n\t\t\t<div class=\"elementor-spacer-inner\"><\/div>\n\t\t<\/div>\n\t\t\t\t\t\t<\/div>\n\t\t\t\t<\/div>\n\t\t\t\t<div class=\"elementor-element elementor-element-3fb2668 elementor-widget elementor-widget-heading\" data-id=\"3fb2668\" data-element_type=\"widget\" data-e-type=\"widget\" data-widget_type=\"heading.default\">\n\t\t\t\t<div class=\"elementor-widget-container\">\n\t\t\t\t\t<h2 class=\"elementor-heading-title elementor-size-default\">Euer gro\u00dfer Tag im kleinen Kreis - Micro Weddings in der S\u00fcdsteiermark<\/h2>\t\t\t\t<\/div>\n\t\t\t\t<\/div>\n\t\t\t\t<div class=\"elementor-element elementor-element-34c37bd elementor-widget elementor-widget-spacer\" data-id=\"34c37bd\" data-element_type=\"widget\" data-e-type=\"widget\" data-widget_type=\"spacer.default\">\n\t\t\t\t<div class=\"elementor-widget-container\">\n\t\t\t\t\t\t\t<div class=\"elementor-spacer\">\n\t\t\t<div class=\"elementor-spacer-inner\"><\/div>\n\t\t<\/div>\n\t\t\t\t\t\t<\/div>\n\t\t\t\t<\/div>\n\t\t\t\t<div class=\"elementor-element elementor-element-05d5d62 elementor-widget elementor-widget-spacer\" data-id=\"05d5d62\" data-element_type=\"widget\" data-e-type=\"widget\" data-widget_type=\"spacer.default\">\n\t\t\t\t<div class=\"elementor-widget-container\">\n\t\t\t\t\t\t\t<div class=\"elementor-spacer\">\n\t\t\t<div class=\"elementor-spacer-inner\"><\/div>\n\t\t<\/div>\n\t\t\t\t\t\t<\/div>\n\t\t\t\t<\/div>\n\t\t\t\t\t<\/div>\n\t\t<\/div>\n\t\t\t\t\t<\/div>\n\t\t<\/section>\n\t\t\t\t<section class=\"elementor-section elementor-top-section elementor-element elementor-element-b1aad60 elementor-section-boxed elementor-section-height-default elementor-section-height-default\" data-id=\"b1aad60\" data-element_type=\"section\" data-e-type=\"section\" data-settings=\"{&quot;shape_divider_bottom&quot;:&quot;waves&quot;}\">\n\t\t\t\t\t<div class=\"elementor-shape elementor-shape-bottom\" aria-hidden=\"true\" data-negative=\"false\">\n\t\t\t<svg xmlns=\"http:\/\/www.w3.org\/2000\/svg\" viewBox=\"0 0 1000 100\" preserveAspectRatio=\"none\">\n\t<path class=\"elementor-shape-fill\" d=\"M421.9,6.5c22.6-2.5,51.5,0.4,75.5,5.3c23.6,4.9,70.9,23.5,100.5,35.7c75.8,32.2,133.7,44.5,192.6,49.7\n\tc23.6,2.1,48.7,3.5,103.4-2.5c54.7-6,106.2-25.6,106.2-25.6V0H0v30.3c0,0,72,32.6,158.4,30.5c39.2-0.7,92.8-6.7,134-22.4\n\tc21.2-8.1,52.2-18.2,79.7-24.2C399.3,7.9,411.6,7.5,421.9,6.5z\"\/>\n<\/svg>\t\t<\/div>\n\t\t\t\t\t<div class=\"elementor-container elementor-column-gap-default\">\n\t\t\t\t\t<div class=\"elementor-column elementor-col-100 elementor-top-column elementor-element elementor-element-7c32070\" data-id=\"7c32070\" data-element_type=\"column\" data-e-type=\"column\">\n\t\t\t<div class=\"elementor-widget-wrap elementor-element-populated\">\n\t\t\t\t\t\t<div class=\"elementor-element elementor-element-966e100 elementor-widget elementor-widget-text-editor\" data-id=\"966e100\" data-element_type=\"widget\" data-e-type=\"widget\" data-widget_type=\"text-editor.default\">\n\t\t\t\t<div class=\"elementor-widget-container\">\n\t\t\t\t\t\t\t\t\t<p style=\"text-align: center;\">Kleine Hochzeiten, gro\u00dfe Emotionen: Bei eine <strong>Micro Weddings<\/strong> dreht sich alles um eure Liebe und die Menschen, die euch am n\u00e4chsten stehen. Ob mit bis zu 50 G\u00e4sten oder in noch kleinerem Rahmen \u2013 ich halte die intimen Momente eures besonderen Tages in authentischen, emotionalen Bildern fest.<\/p><p style=\"text-align: center;\"><strong>Warum Micro Weddings?<\/strong> Weniger Stress, mehr Zeit f\u00fcr das Wesentliche und ein Tag, der wirklich euch geh\u00f6rt. Mit meiner Erfahrung und Leidenschaft f\u00fcr diese besonderen Hochzeiten begleite ich euch bis zu 5 Stunden in der idyllischen S\u00fcdsteiermark \u2013 und sorge daf\u00fcr, dass eure Erinnerungen unvergesslich bleiben.<\/p><p style=\"text-align: center;\">Eure Liebe. Eure Geschichte. Echt und ungestellt.<\/p>\t\t\t\t\t\t\t\t<\/div>\n\t\t\t\t<\/div>\n\t\t\t\t<div class=\"elementor-element elementor-element-2e4c800 elementor-widget elementor-widget-heading\" data-id=\"2e4c800\" data-element_type=\"widget\" data-e-type=\"widget\" data-widget_type=\"heading.default\">\n\t\t\t\t<div class=\"elementor-widget-container\">\n\t\t\t\t\t<h2 class=\"elementor-heading-title elementor-size-default\">Lasst uns gemeinsam eure kleinen gro\u00dfen Momente feiern. <\/h2>\t\t\t\t<\/div>\n\t\t\t\t<\/div>\n\t\t\t\t<div class=\"elementor-element elementor-element-8b0574d elementor-widget elementor-widget-spacer\" data-id=\"8b0574d\" data-element_type=\"widget\" data-e-type=\"widget\" data-widget_type=\"spacer.default\">\n\t\t\t\t<div class=\"elementor-widget-container\">\n\t\t\t\t\t\t\t<div class=\"elementor-spacer\">\n\t\t\t<div class=\"elementor-spacer-inner\"><\/div>\n\t\t<\/div>\n\t\t\t\t\t\t<\/div>\n\t\t\t\t<\/div>\n\t\t\t\t<div class=\"elementor-element elementor-element-30c8a52 elementor-widget elementor-widget-spacer\" data-id=\"30c8a52\" data-element_type=\"widget\" data-e-type=\"widget\" data-widget_type=\"spacer.default\">\n\t\t\t\t<div class=\"elementor-widget-container\">\n\t\t\t\t\t\t\t<div class=\"elementor-spacer\">\n\t\t\t<div class=\"elementor-spacer-inner\"><\/div>\n\t\t<\/div>\n\t\t\t\t\t\t<\/div>\n\t\t\t\t<\/div>\n\t\t\t\t\t<\/div>\n\t\t<\/div>\n\t\t\t\t\t<\/div>\n\t\t<\/section>\n\t\t\t\t<section class=\"elementor-section elementor-top-section elementor-element elementor-element-2e2ed12 elementor-section-boxed elementor-section-height-default elementor-section-height-default\" data-id=\"2e2ed12\" data-element_type=\"section\" data-e-type=\"section\">\n\t\t\t\t\t\t<div class=\"elementor-container elementor-column-gap-default\">\n\t\t\t\t\t<div class=\"elementor-column elementor-col-100 elementor-top-column elementor-element elementor-element-4f7b13b\" data-id=\"4f7b13b\" data-element_type=\"column\" data-e-type=\"column\">\n\t\t\t<div class=\"elementor-widget-wrap elementor-element-populated\">\n\t\t\t\t\t\t<div class=\"elementor-element elementor-element-b94987c elementor-widget elementor-widget-spacer\" data-id=\"b94987c\" data-element_type=\"widget\" data-e-type=\"widget\" data-widget_type=\"spacer.default\">\n\t\t\t\t<div class=\"elementor-widget-container\">\n\t\t\t\t\t\t\t<div class=\"elementor-spacer\">\n\t\t\t<div class=\"elementor-spacer-inner\"><\/div>\n\t\t<\/div>\n\t\t\t\t\t\t<\/div>\n\t\t\t\t<\/div>\n\t\t\t\t<div class=\"elementor-element elementor-element-09484be elementor-widget__width-inherit elementor-arrows-position-inside elementor-widget elementor-widget-image-carousel\" data-id=\"09484be\" data-element_type=\"widget\" data-e-type=\"widget\" data-settings=\"{&quot;slides_to_show&quot;:&quot;1&quot;,&quot;autoplay_speed&quot;:3000,&quot;navigation&quot;:&quot;arrows&quot;,&quot;autoplay&quot;:&quot;yes&quot;,&quot;pause_on_hover&quot;:&quot;yes&quot;,&quot;pause_on_interaction&quot;:&quot;yes&quot;,&quot;infinite&quot;:&quot;yes&quot;,&quot;effect&quot;:&quot;slide&quot;,&quot;speed&quot;:500}\" data-widget_type=\"image-carousel.default\">\n\t\t\t\t<div class=\"elementor-widget-container\">\n\t\t\t\t\t\t\t<div class=\"elementor-image-carousel-wrapper swiper\" role=\"region\" aria-roledescription=\"carousel\" aria-label=\"Bild Karussell\" dir=\"ltr\">\n\t\t\t<div class=\"elementor-image-carousel swiper-wrapper\" aria-live=\"off\">\n\t\t\t\t\t\t\t\t<div class=\"swiper-slide\" role=\"group\" aria-roledescription=\"slide\" aria-label=\"1 von 29\"><figure class=\"swiper-slide-inner\"><img decoding=\"async\" class=\"swiper-slide-image\" src=\"https:\/\/www.rupertrauch.at\/wp-content\/uploads\/elementor\/thumbs\/0229-RR-Carmen-und-Christoph-a0426-scaled-rglkh24v4uiljeab4clep6mw5ye86i8e7wxadi3zow.jpg\" alt=\"\" \/><\/figure><\/div><div class=\"swiper-slide\" role=\"group\" aria-roledescription=\"slide\" aria-label=\"2 von 29\"><figure class=\"swiper-slide-inner\"><img decoding=\"async\" class=\"swiper-slide-image\" src=\"https:\/\/www.rupertrauch.at\/wp-content\/uploads\/elementor\/thumbs\/0511RR-KristinaundMarkusa0288-scaled-qyigkyedp2i74db3ajurbaagez55o5e66zaowmba0g.jpg\" alt=\"\" \/><\/figure><\/div><div class=\"swiper-slide\" role=\"group\" aria-roledescription=\"slide\" aria-label=\"3 von 29\"><figure class=\"swiper-slide-inner\"><img decoding=\"async\" class=\"swiper-slide-image\" src=\"https:\/\/www.rupertrauch.at\/wp-content\/uploads\/elementor\/thumbs\/0285-RR-Hochzeit-Eibl-a0421-scaled-rglkuvdhk7fa5481gtj1u75qesbeae2ega158vmq9c.jpg\" alt=\"\" \/><\/figure><\/div><div class=\"swiper-slide\" role=\"group\" aria-roledescription=\"slide\" aria-label=\"4 von 29\"><figure class=\"swiper-slide-inner\"><img decoding=\"async\" class=\"swiper-slide-image\" src=\"https:\/\/www.rupertrauch.at\/wp-content\/uploads\/elementor\/thumbs\/0016-RR-Portfolio-Hochzeit_-1-qy817t6tiw11phwkkf4sca3z77pot158z4go8edyeo.jpg\" alt=\"0016 RR- Portfolio Hochzeit_\" \/><\/figure><\/div><div class=\"swiper-slide\" role=\"group\" aria-roledescription=\"slide\" aria-label=\"5 von 29\"><figure class=\"swiper-slide-inner\"><img decoding=\"async\" class=\"swiper-slide-image\" src=\"https:\/\/www.rupertrauch.at\/wp-content\/uploads\/elementor\/thumbs\/RRP5506-scaled-qyigilswlzae3gpz0jac2vmyyaq4fe2bvckzppspkg.jpg\" alt=\"\" \/><\/figure><\/div><div class=\"swiper-slide\" role=\"group\" aria-roledescription=\"slide\" aria-label=\"6 von 29\"><figure class=\"swiper-slide-inner\"><img decoding=\"async\" class=\"swiper-slide-image\" src=\"https:\/\/www.rupertrauch.at\/wp-content\/uploads\/elementor\/thumbs\/0241-RR-Hochzeit-Eibl-a0421-scaled-rglkvpgbmwkggn0cl6j41zkhf4754pdt8ewolqe4q8.jpg\" alt=\"\" \/><\/figure><\/div><div class=\"swiper-slide\" role=\"group\" aria-roledescription=\"slide\" aria-label=\"7 von 29\"><figure class=\"swiper-slide-inner\"><img decoding=\"async\" class=\"swiper-slide-image\" src=\"https:\/\/www.rupertrauch.at\/wp-content\/uploads\/elementor\/thumbs\/0619-RR-Carmen-und-Christoph-a0426-scaled-rglkj3g9xxayozbt88ab3o4ui0cuuwbghzt5t33a7k.jpg\" alt=\"\" \/><\/figure><\/div><div class=\"swiper-slide\" role=\"group\" aria-roledescription=\"slide\" aria-label=\"8 von 29\"><figure class=\"swiper-slide-inner\"><img decoding=\"async\" class=\"swiper-slide-image\" src=\"https:\/\/www.rupertrauch.at\/wp-content\/uploads\/elementor\/thumbs\/0030-RR-Portfolio-Hochzeit_-1-qy817t6tiw11phwkkf4sca3z77pot158z4go8edyeo.jpg\" alt=\"0030 RR- Portfolio Hochzeit_\" \/><\/figure><\/div><div class=\"swiper-slide\" role=\"group\" aria-roledescription=\"slide\" aria-label=\"9 von 29\"><figure class=\"swiper-slide-inner\"><img decoding=\"async\" class=\"swiper-slide-image\" src=\"https:\/\/www.rupertrauch.at\/wp-content\/uploads\/elementor\/thumbs\/0055-RR-Portfolio-Hochzeit_-1-qy817s8zc1zrdvxxpwq5rsciltublc1imzt6r4fckw.jpg\" alt=\"0055 RR- Portfolio Hochzeit_\" \/><\/figure><\/div><div class=\"swiper-slide\" role=\"group\" aria-roledescription=\"slide\" aria-label=\"10 von 29\"><figure class=\"swiper-slide-inner\"><img decoding=\"async\" class=\"swiper-slide-image\" src=\"https:\/\/www.rupertrauch.at\/wp-content\/uploads\/elementor\/thumbs\/0514RR-KristinaundMarkusa0288-scaled-qyiglj2tvfai7sh1xssju52lhgb8dho9ltndgpgm7k.jpg\" alt=\"\" \/><\/figure><\/div><div class=\"swiper-slide\" role=\"group\" aria-roledescription=\"slide\" aria-label=\"11 von 29\"><figure class=\"swiper-slide-inner\"><img decoding=\"async\" class=\"swiper-slide-image\" src=\"https:\/\/www.rupertrauch.at\/wp-content\/uploads\/elementor\/thumbs\/0109-RR-Portfolio-Hochzeit_-1-qy817s8zc1zrdvxxpwq5rsciltublc1imzt6r4fckw.jpg\" alt=\"0109 RR- Portfolio Hochzeit_\" \/><\/figure><\/div><div class=\"swiper-slide\" role=\"group\" aria-roledescription=\"slide\" aria-label=\"12 von 29\"><figure class=\"swiper-slide-inner\"><img decoding=\"async\" class=\"swiper-slide-image\" src=\"https:\/\/www.rupertrauch.at\/wp-content\/uploads\/elementor\/thumbs\/0066-RR-Carmen-und-Christoph-a0426-scaled-rglkgdp275l55j9t3213wcswpxqomdjdgjynwb486o.jpg\" alt=\"\" \/><\/figure><\/div><div class=\"swiper-slide\" role=\"group\" aria-roledescription=\"slide\" aria-label=\"13 von 29\"><figure class=\"swiper-slide-inner\"><img decoding=\"async\" class=\"swiper-slide-image\" src=\"https:\/\/www.rupertrauch.at\/wp-content\/uploads\/elementor\/thumbs\/0074-RR-Portfolio-Hochzeit_-1-qy817u4npq2c13v7exjewrvfsll20q8zb945pock8g.jpg\" alt=\"0074 RR- Portfolio Hochzeit_\" \/><\/figure><\/div><div class=\"swiper-slide\" role=\"group\" aria-roledescription=\"slide\" aria-label=\"14 von 29\"><figure class=\"swiper-slide-inner\"><img decoding=\"async\" class=\"swiper-slide-image\" src=\"https:\/\/www.rupertrauch.at\/wp-content\/uploads\/elementor\/thumbs\/0045-RR-Carmen-und-Christoph-a0426-scaled-rglkg2ezx55pa7q6wx5l2fndlbaa20alf04u4zky9c.jpg\" alt=\"\" \/><\/figure><\/div><div class=\"swiper-slide\" role=\"group\" aria-roledescription=\"slide\" aria-label=\"15 von 29\"><figure class=\"swiper-slide-inner\"><img decoding=\"async\" class=\"swiper-slide-image\" src=\"https:\/\/www.rupertrauch.at\/wp-content\/uploads\/elementor\/thumbs\/0075-RR-Portfolio-Hochzeit_-1-qy817t6tiw11phwkkf4sca3z77pot158z4go8edyeo.jpg\" alt=\"0075 RR- Portfolio Hochzeit_\" \/><\/figure><\/div><div class=\"swiper-slide\" role=\"group\" aria-roledescription=\"slide\" aria-label=\"16 von 29\"><figure class=\"swiper-slide-inner\"><img decoding=\"async\" class=\"swiper-slide-image\" src=\"https:\/\/www.rupertrauch.at\/wp-content\/uploads\/elementor\/thumbs\/0085-RR-Portfolio-Hochzeit_-1-qy817t6tiw11phwkkf4sca3z77pot158z4go8edyeo.jpg\" alt=\"0085 RR- Portfolio Hochzeit_\" \/><\/figure><\/div><div class=\"swiper-slide\" role=\"group\" aria-roledescription=\"slide\" aria-label=\"17 von 29\"><figure class=\"swiper-slide-inner\"><img decoding=\"async\" class=\"swiper-slide-image\" src=\"https:\/\/www.rupertrauch.at\/wp-content\/uploads\/elementor\/thumbs\/0086-RR-Portfolio-Hochzeit_-1-qy817s8zc1zrdvxxpwq5rsciltublc1imzt6r4fckw.jpg\" alt=\"0086 RR- Portfolio Hochzeit_\" \/><\/figure><\/div><div class=\"swiper-slide\" role=\"group\" aria-roledescription=\"slide\" aria-label=\"18 von 29\"><figure class=\"swiper-slide-inner\"><img decoding=\"async\" class=\"swiper-slide-image\" src=\"https:\/\/www.rupertrauch.at\/wp-content\/uploads\/elementor\/thumbs\/0339-RR-Carmen-und-Christoph-a0426-scaled-rglki3qeq7y2fsrp0suhgx5bxd8wqednp30pkkk8s0.jpg\" alt=\"\" \/><\/figure><\/div><div class=\"swiper-slide\" role=\"group\" aria-roledescription=\"slide\" aria-label=\"19 von 29\"><figure class=\"swiper-slide-inner\"><img decoding=\"async\" class=\"swiper-slide-image\" src=\"https:\/\/www.rupertrauch.at\/wp-content\/uploads\/elementor\/thumbs\/0100-RR-Portfolio-Hochzeit_-1-qy817s8zc1zrdvxxpwq5rsciltublc1imzt6r4fckw.jpg\" alt=\"0100 RR- Portfolio Hochzeit_\" \/><\/figure><\/div><div class=\"swiper-slide\" role=\"group\" aria-roledescription=\"slide\" aria-label=\"20 von 29\"><figure class=\"swiper-slide-inner\"><img decoding=\"async\" class=\"swiper-slide-image\" src=\"https:\/\/www.rupertrauch.at\/wp-content\/uploads\/elementor\/thumbs\/0169-RR-Portfolio-Hochzeit_-1-qy817s8zc1zrdvxxpwq5rsciltublc1imzt6r4fckw.jpg\" alt=\"0169 RR- Portfolio Hochzeit_\" \/><\/figure><\/div><div class=\"swiper-slide\" role=\"group\" aria-roledescription=\"slide\" aria-label=\"21 von 29\"><figure class=\"swiper-slide-inner\"><img decoding=\"async\" class=\"swiper-slide-image\" src=\"https:\/\/www.rupertrauch.at\/wp-content\/uploads\/elementor\/thumbs\/0113-RR-Portfolio-Hochzeit_-1-qy817t6tiw11phwkkf4sca3z77pot158z4go8edyeo.jpg\" alt=\"0113 RR- Portfolio Hochzeit_\" \/><\/figure><\/div><div class=\"swiper-slide\" role=\"group\" aria-roledescription=\"slide\" aria-label=\"22 von 29\"><figure class=\"swiper-slide-inner\"><img decoding=\"async\" class=\"swiper-slide-image\" src=\"https:\/\/www.rupertrauch.at\/wp-content\/uploads\/elementor\/thumbs\/0177-RR-Portfolio-Hochzeit_-1-qy817u4npq2c13v7exjewrvfsll20q8zb945pock8g.jpg\" alt=\"OLYMPUS DIGITAL CAMERA\" \/><\/figure><\/div><div class=\"swiper-slide\" role=\"group\" aria-roledescription=\"slide\" aria-label=\"23 von 29\"><figure class=\"swiper-slide-inner\"><img decoding=\"async\" class=\"swiper-slide-image\" src=\"https:\/\/www.rupertrauch.at\/wp-content\/uploads\/elementor\/thumbs\/0151-RR-Portfolio-Hochzeit_-1-qy817t6tiw11phwkkf4sca3z77pot158z4go8edyeo.jpg\" alt=\"0151 RR- Portfolio Hochzeit_\" \/><\/figure><\/div><div class=\"swiper-slide\" role=\"group\" aria-roledescription=\"slide\" aria-label=\"24 von 29\"><figure class=\"swiper-slide-inner\"><img decoding=\"async\" class=\"swiper-slide-image\" src=\"https:\/\/www.rupertrauch.at\/wp-content\/uploads\/elementor\/thumbs\/0152-RR-Portfolio-Hochzeit_-1-qy817t6tiw11phwkkf4sca3z77pot158z4go8edyeo.jpg\" alt=\"OLYMPUS DIGITAL CAMERA\" \/><\/figure><\/div><div class=\"swiper-slide\" role=\"group\" aria-roledescription=\"slide\" aria-label=\"25 von 29\"><figure class=\"swiper-slide-inner\"><img decoding=\"async\" class=\"swiper-slide-image\" src=\"https:\/\/www.rupertrauch.at\/wp-content\/uploads\/elementor\/thumbs\/0160-RR-Portfolio-Hochzeit_-1-qy817t6tiw11phwkkf4sca3z77pot158z4go8edyeo.jpg\" alt=\"0160 RR- Portfolio Hochzeit_\" \/><\/figure><\/div><div class=\"swiper-slide\" role=\"group\" aria-roledescription=\"slide\" aria-label=\"26 von 29\"><figure class=\"swiper-slide-inner\"><img decoding=\"async\" class=\"swiper-slide-image\" src=\"https:\/\/www.rupertrauch.at\/wp-content\/uploads\/elementor\/thumbs\/0001-RR-Portfolio-Hochzeit_-qy817t6tiw11phwkkf4sca3z77pot158z4go8edyeo.jpg\" alt=\"0001 RR- Portfolio Hochzeit_\" \/><\/figure><\/div><div class=\"swiper-slide\" role=\"group\" aria-roledescription=\"slide\" aria-label=\"27 von 29\"><figure class=\"swiper-slide-inner\"><img decoding=\"async\" class=\"swiper-slide-image\" src=\"https:\/\/www.rupertrauch.at\/wp-content\/uploads\/elementor\/thumbs\/0189-RR-Portfolio-Hochzeit_-1-qy817t6tiw11phwkkf4sca3z77pot158z4go8edyeo.jpg\" alt=\"0189 RR- Portfolio Hochzeit_\" \/><\/figure><\/div><div class=\"swiper-slide\" role=\"group\" aria-roledescription=\"slide\" aria-label=\"28 von 29\"><figure class=\"swiper-slide-inner\"><img decoding=\"async\" class=\"swiper-slide-image\" src=\"https:\/\/www.rupertrauch.at\/wp-content\/uploads\/elementor\/thumbs\/0193-RR-Portfolio-Hochzeit_-1-qy817s8zc1zrdvxxpwq5rsciltublc1imzt6r4fckw.jpg\" alt=\"0193 RR- Portfolio Hochzeit_\" \/><\/figure><\/div><div class=\"swiper-slide\" role=\"group\" aria-roledescription=\"slide\" aria-label=\"29 von 29\"><figure class=\"swiper-slide-inner\"><img decoding=\"async\" class=\"swiper-slide-image\" src=\"https:\/\/www.rupertrauch.at\/wp-content\/uploads\/elementor\/thumbs\/0205-RR-Portfolio-Hochzeit_-1-qy817t6tiw11phwkkf4sca3z77pot158z4go8edyeo.jpg\" alt=\"0205 RR- Portfolio Hochzeit_\" \/><\/figure><\/div>\t\t\t<\/div>\n\t\t\t\t\t\t\t\t\t\t\t\t<div class=\"elementor-swiper-button elementor-swiper-button-prev\" role=\"button\" tabindex=\"0\">\n\t\t\t\t\t\t<i aria-hidden=\"true\" class=\"eicon-chevron-left\"><\/i>\t\t\t\t\t<\/div>\n\t\t\t\t\t<div class=\"elementor-swiper-button elementor-swiper-button-next\" role=\"button\" tabindex=\"0\">\n\t\t\t\t\t\t<i aria-hidden=\"true\" class=\"eicon-chevron-right\"><\/i>\t\t\t\t\t<\/div>\n\t\t\t\t\n\t\t\t\t\t\t\t\t\t<\/div>\n\t\t\t\t\t\t<\/div>\n\t\t\t\t<\/div>\n\t\t\t\t<div class=\"elementor-element elementor-element-7cc8cbe elementor-widget elementor-widget-spacer\" data-id=\"7cc8cbe\" data-element_type=\"widget\" data-e-type=\"widget\" data-widget_type=\"spacer.default\">\n\t\t\t\t<div class=\"elementor-widget-container\">\n\t\t\t\t\t\t\t<div class=\"elementor-spacer\">\n\t\t\t<div class=\"elementor-spacer-inner\"><\/div>\n\t\t<\/div>\n\t\t\t\t\t\t<\/div>\n\t\t\t\t<\/div>\n\t\t\t\t\t<\/div>\n\t\t<\/div>\n\t\t\t\t\t<\/div>\n\t\t<\/section>\n\t\t\t\t<\/div>\n\t\t","protected":false},"excerpt":{"rendered":"<p>Hochzeit \u00a0 Haltet euren sch\u00f6nsten Tag des Lebens geb\u00fchrend fest, sodass ihr ihn nie mehr vergesst! Euer gro\u00dfer Tag im kleinen Kreis &#8211; Micro Weddings in der S\u00fcdsteiermark Kleine Hochzeiten, gro\u00dfe Emotionen: Bei eine Micro Weddings dreht sich alles um eure Liebe und die Menschen, die euch am n\u00e4chsten stehen. Ob mit bis zu 50 [&hellip;]<\/p>\n","protected":false},"author":1,"featured_media":0,"parent":0,"menu_order":0,"comment_status":"closed","ping_status":"closed","template":"","meta":{"footnotes":""},"class_list":["post-54","page","type-page","status-publish","hentry"],"wppr_data":{"cwp_meta_box_check":"No"},"_links":{"self":[{"href":"https:\/\/www.rupertrauch.at\/index.php\/wp-json\/wp\/v2\/pages\/54","targetHints":{"allow":["GET"]}}],"collection":[{"href":"https:\/\/www.rupertrauch.at\/index.php\/wp-json\/wp\/v2\/pages"}],"about":[{"href":"https:\/\/www.rupertrauch.at\/index.php\/wp-json\/wp\/v2\/types\/page"}],"author":[{"embeddable":true,"href":"https:\/\/www.rupertrauch.at\/index.php\/wp-json\/wp\/v2\/users\/1"}],"replies":[{"embeddable":true,"href":"https:\/\/www.rupertrauch.at\/index.php\/wp-json\/wp\/v2\/comments?post=54"}],"version-history":[{"count":207,"href":"https:\/\/www.rupertrauch.at\/index.php\/wp-json\/wp\/v2\/pages\/54\/revisions"}],"predecessor-version":[{"id":1587,"href":"https:\/\/www.rupertrauch.at\/index.php\/wp-json\/wp\/v2\/pages\/54\/revisions\/1587"}],"wp:attachment":[{"href":"https:\/\/www.rupertrauch.at\/index.php\/wp-json\/wp\/v2\/media?parent=54"}],"curies":[{"name":"wp","href":"https:\/\/api.w.org\/{rel}","templated":true}]}}